{"id":225,"date":"2020-06-06T22:30:37","date_gmt":"2020-06-06T20:30:37","guid":{"rendered":"http:\/\/www.mimaservis.eu\/?page_id=225"},"modified":"2021-10-07T11:15:40","modified_gmt":"2021-10-07T11:15:40","slug":"formulare","status":"publish","type":"page","link":"https:\/\/www.mimaservis.cz\/index.php\/formulare\/","title":{"rendered":"Formul\u00e1\u0159e"},"content":{"rendered":"\n<div class=\"wp-block-group\"><div class=\"wp-block-group__inner-container\">\n<figure class=\"wp-block-image size-large is-resized\"><img loading=\"lazy\" src=\"https:\/\/www.mimaservis.cz\/wp-content\/uploads\/2021\/01\/podpis-ruka-simca-upravene-2-1024x460.jpg\" alt=\"\" class=\"wp-image-509\" width=\"760\" height=\"300\"\/><\/figure>\n<\/div><\/div>\n\n\n\n<p>Zde si pros\u00edm vyberte formul\u00e1\u0159 odpov\u00eddaj\u00edc\u00ed Va\u0161im pot\u0159eb\u00e1m. V p\u0159\u00edpad\u011b nov\u00e9 registrace u spr\u00e1vce ( koup\u011b bytu, darov\u00e1n\u00ed apod.)  pros\u00edm vyu\u017eijte <strong>formul\u00e1\u0159 registrace nov\u00e9ho vlastn\u00edka<\/strong>. <\/p>\n\n\n\n<p>Pro st\u00e1vaj\u00edc\u00ed vlastn\u00edky, kte\u0159\u00ed pot\u0159ebuj\u00ed u\u010dinit zm\u011bnu \u00fadaj\u016f vyu\u017eijte pros\u00edm <strong>formul\u00e1\u0159 zm\u011bny st\u00e1vaj\u00edc\u00edho vlastn\u00edka<\/strong>. Kliknut\u00edm na tla\u010d\u00edtko n\u00ed\u017ee. <\/p>\n\n\n\n<div class=\"wp-block-group\"><div class=\"wp-block-group__inner-container\">\n<div class=\"wp-block-buttons\">\n<div class=\"wp-block-button\"><a class=\"wp-block-button__link\" href=\"https:\/\/1drv.ms\/b\/s!AiOxPjbTzgxTgc8hNiLkMU6ml5YPMw?e=qbe6mx\">Formul\u00e1\u0159 registrace nov\u00e9ho vlastn\u00edka<\/a><\/div>\n\n\n\n<div class=\"wp-block-button is-style-fill\"><a class=\"wp-block-button__link\" href=\"https:\/\/1drv.ms\/b\/s!AiOxPjbTzgxTgpwUVv3GDsGdmHHjaw?e=8LLPLz\">Formul\u00e1\u0159 pro zm\u011bny st\u00e1vaj\u00edc\u00edho vlastn\u00edka<\/a><\/div>\n<\/div>\n<\/div><\/div>\n\n\n\n<p class=\"has-text-align-center\"><strong>Kliknut\u00edm na tla\u010d\u00edtko dojde k otev\u0159en\u00ed nov\u00e9 str\u00e1nky kde lze formul\u00e1\u0159 st\u00e1hnout p\u0159\u00edpadn\u011b vyplnit. <\/strong><\/p>\n\n\n\n<p>Vypln\u011bn\u00fd a podepsan\u00fd formul\u00e1\u0159 v\u010detn\u011b tzv. \u00fapln\u00e9ho v\u00fdpisu z katastru pros\u00edme zas\u00edlejte na email evidence@mimaservis.cz pro \u00fasp\u011b\u0161n\u00e9 proveden\u00ed zm\u011bny. ( v p\u0159\u00edpad\u011b koup\u011b bytu, darov\u00e1n\u00ed apod.) <\/p>\n","protected":false},"excerpt":{"rendered":"<p>Zde si pros\u00edm vyberte formul\u00e1\u0159 odpov\u00eddaj\u00edc\u00ed Va\u0161im pot\u0159eb\u00e1m. V p\u0159\u00edpad\u011b nov\u00e9 registrace u spr\u00e1vce ( koup\u011b bytu, darov\u00e1n\u00ed apod.) pros\u00edm vyu\u017eijte formul\u00e1\u0159 registrace nov\u00e9ho vlastn\u00edka. Pro st\u00e1vaj\u00edc\u00ed vlastn\u00edky, kte\u0159\u00ed pot\u0159ebuj\u00ed u\u010dinit zm\u011bnu \u00fadaj\u016f vyu\u017eijte pros\u00edm formul\u00e1\u0159 zm\u011bny st\u00e1vaj\u00edc\u00edho vlastn\u00edka. Kliknut\u00edm na tla\u010d\u00edtko n\u00ed\u017ee. Kliknut\u00edm na tla\u010d\u00edtko dojde k otev\u0159en\u00ed nov\u00e9 str\u00e1nky kde lze formul\u00e1\u0159 st\u00e1hnout <a class=\"more-link\" href=\"https:\/\/www.mimaservis.cz\/index.php\/formulare\/\">\u010c\u00edst v\u00edce&#8230;<\/a><\/p>\n","protected":false},"author":1,"featured_media":0,"parent":0,"menu_order":0,"comment_status":"closed","ping_status":"closed","template":"","meta":[],"yoast_head":"<!-- This site is optimized with the Yoast SEO plugin v15.5 - https:\/\/yoast.com\/wordpress\/plugins\/seo\/ -->\n<title>Formul\u00e1\u0159e<\/title>\n<meta name=\"description\" content=\"spr\u00e1vce, spr\u00e1va nemovitost\u00ed , p\u00e9\u010de o nemovitost, real estate, property management , spr\u00e1va byt\u016f\" \/>\n<meta name=\"robots\" content=\"index, follow, max-snippet:-1, max-image-preview:large, max-video-preview:-1\" \/>\n<link rel=\"canonical\" href=\"https:\/\/www.mimaservis.cz\/index.php\/formulare\/\" \/>\n<meta property=\"og:locale\" content=\"cs_CZ\" \/>\n<meta property=\"og:type\" content=\"article\" \/>\n<meta property=\"og:title\" content=\"Formul\u00e1\u0159e\" \/>\n<meta property=\"og:description\" content=\"spr\u00e1vce, spr\u00e1va nemovitost\u00ed , p\u00e9\u010de o nemovitost, real estate, property management , spr\u00e1va byt\u016f\" \/>\n<meta property=\"og:url\" content=\"https:\/\/www.mimaservis.cz\/index.php\/formulare\/\" \/>\n<meta property=\"og:site_name\" content=\"www.mimaservis.cz\" \/>\n<meta property=\"article:publisher\" content=\"https:\/\/www.facebook.com\/groups\/155085831221921\/about\" \/>\n<meta property=\"article:modified_time\" content=\"2021-10-07T11:15:40+00:00\" \/>\n<meta property=\"og:image\" content=\"https:\/\/www.mimaservis.cz\/wp-content\/uploads\/2021\/01\/podpis-ruka-simca-upravene-2-1024x460.jpg\" \/>\n<meta name=\"twitter:card\" content=\"summary_large_image\" \/>\n<meta name=\"twitter:label1\" content=\"Odhadovan\u00e1 doba \u010dten\u00ed\">\n\t<meta name=\"twitter:data1\" content=\"1 minuta\">\n<script type=\"application\/ld+json\" class=\"yoast-schema-graph\">{\"@context\":\"https:\/\/schema.org\",\"@graph\":[{\"@type\":\"Organization\",\"@id\":\"https:\/\/www.mimaservis.cz\/#organization\",\"name\":\"MIMASERVIS s.r.o.\",\"url\":\"https:\/\/www.mimaservis.cz\/\",\"sameAs\":[\"https:\/\/www.facebook.com\/groups\/155085831221921\/about\"],\"logo\":{\"@type\":\"ImageObject\",\"@id\":\"https:\/\/www.mimaservis.cz\/#logo\",\"inLanguage\":\"cs\",\"url\":\"https:\/\/www.mimaservis.cz\/wp-content\/uploads\/2020\/03\/cropped-Vizitka-logo.jpg\",\"width\":348,\"height\":94,\"caption\":\"MIMASERVIS s.r.o.\"},\"image\":{\"@id\":\"https:\/\/www.mimaservis.cz\/#logo\"}},{\"@type\":\"WebSite\",\"@id\":\"https:\/\/www.mimaservis.cz\/#website\",\"url\":\"https:\/\/www.mimaservis.cz\/\",\"name\":\"www.mimaservis.cz\",\"description\":\"Spr\\u00e1va nemovitost\\u00ed Pardubice\",\"publisher\":{\"@id\":\"https:\/\/www.mimaservis.cz\/#organization\"},\"potentialAction\":[{\"@type\":\"SearchAction\",\"target\":\"https:\/\/www.mimaservis.cz\/?s={search_term_string}\",\"query-input\":\"required name=search_term_string\"}],\"inLanguage\":\"cs\"},{\"@type\":\"ImageObject\",\"@id\":\"https:\/\/www.mimaservis.cz\/index.php\/formulare\/#primaryimage\",\"inLanguage\":\"cs\",\"url\":\"https:\/\/www.mimaservis.cz\/wp-content\/uploads\/2021\/01\/podpis-ruka-simca-upravene-2-1024x460.jpg\"},{\"@type\":\"WebPage\",\"@id\":\"https:\/\/www.mimaservis.cz\/index.php\/formulare\/#webpage\",\"url\":\"https:\/\/www.mimaservis.cz\/index.php\/formulare\/\",\"name\":\"Formul\\u00e1\\u0159e\",\"isPartOf\":{\"@id\":\"https:\/\/www.mimaservis.cz\/#website\"},\"primaryImageOfPage\":{\"@id\":\"https:\/\/www.mimaservis.cz\/index.php\/formulare\/#primaryimage\"},\"datePublished\":\"2020-06-06T20:30:37+00:00\",\"dateModified\":\"2021-10-07T11:15:40+00:00\",\"description\":\"spr\\u00e1vce, spr\\u00e1va nemovitost\\u00ed , p\\u00e9\\u010de o nemovitost, real estate, property management , spr\\u00e1va byt\\u016f\",\"inLanguage\":\"cs\",\"potentialAction\":[{\"@type\":\"ReadAction\",\"target\":[\"https:\/\/www.mimaservis.cz\/index.php\/formulare\/\"]}]}]}<\/script>\n<!-- \/ Yoast SEO plugin. -->","_links":{"self":[{"href":"https:\/\/www.mimaservis.cz\/index.php\/wp-json\/wp\/v2\/pages\/225"}],"collection":[{"href":"https:\/\/www.mimaservis.cz\/index.php\/wp-json\/wp\/v2\/pages"}],"about":[{"href":"https:\/\/www.mimaservis.cz\/index.php\/wp-json\/wp\/v2\/types\/page"}],"author":[{"embeddable":true,"href":"https:\/\/www.mimaservis.cz\/index.php\/wp-json\/wp\/v2\/users\/1"}],"replies":[{"embeddable":true,"href":"https:\/\/www.mimaservis.cz\/index.php\/wp-json\/wp\/v2\/comments?post=225"}],"version-history":[{"count":25,"href":"https:\/\/www.mimaservis.cz\/index.php\/wp-json\/wp\/v2\/pages\/225\/revisions"}],"predecessor-version":[{"id":707,"href":"https:\/\/www.mimaservis.cz\/index.php\/wp-json\/wp\/v2\/pages\/225\/revisions\/707"}],"wp:attachment":[{"href":"https:\/\/www.mimaservis.cz\/index.php\/wp-json\/wp\/v2\/media?parent=225"}],"curies":[{"name":"wp","href":"https:\/\/api.w.org\/{rel}","templated":true}]}}