{"id":259,"date":"2020-06-07T19:50:22","date_gmt":"2020-06-07T17:50:22","guid":{"rendered":"http:\/\/www.mimaservis.eu\/?page_id=259"},"modified":"2021-01-02T19:59:54","modified_gmt":"2021-01-02T19:59:54","slug":"odkazy","status":"publish","type":"page","link":"https:\/\/www.mimaservis.cz\/index.php\/odkazy\/","title":{"rendered":"Odkazy"},"content":{"rendered":"\n<p><a href=\"http:\/\/www.justice.cz\/xqw\/xervlet\/insl\/index\">Obchodn\u00ed rejst\u0159\u00edk<\/a><\/p>\n\n\n\n<p>Vyhled\u00e1v\u00e1n\u00ed v Obchodn\u00edm rejst\u0159\u00edku.<\/p>\n\n\n\n<p><a href=\"http:\/\/wwwinfo.mfcr.cz\/ares\/ares.html.cz?JS=1\">ARES<\/a><\/p>\n\n\n\n<p>Administrativn\u00ed registr ekonomick\u00fdch subjekt\u016f. Vyhled\u00e1v\u00e1n\u00ed nad v\u0161emi ekonomick\u00fdmi subjekty registrovan\u00fdmi v \u010cesk\u00e9 republice.<\/p>\n\n\n\n<p><a href=\"http:\/\/adisreg.mfcr.cz\/cgi-bin\/adis\/idph\/int_dp_prij.cgi?ZPRAC=FDPHI1&amp;poc_dic=2\">Pl\u00e1tci dan\u011b z p\u0159idan\u00e9 hodnoty &#8211; DPH<\/a><\/p>\n\n\n\n<p>Vyhled\u00e1v\u00e1n\u00ed pl\u00e1tc\u016f DPH podle identifika\u010dn\u00edch \u010d\u00edsel (DI\u010c).<\/p>\n\n\n\n<p><a href=\"http:\/\/www.justice.cz\/cgi-bin\/sqw1250.cgi\/upkuk\/s_i8.sqw\">Evidence \u00fapadc\u016f<\/a><\/p>\n\n\n\n<p>Vyhled\u00e1v\u00e1n\u00ed v Evidenci \u00fapadc\u016f.<\/p>\n\n\n\n<p><a href=\"http:\/\/www.justice.cz\/cgi-bin\/sqw1250.cgi\/zresortu\/zastupci.html\">P\u0159ehled st\u00e1tn\u00edch z\u00e1stupc\u016f<\/a><\/p>\n\n\n\n<p>Seznamy st\u00e1tn\u00edch z\u00e1stupc\u016f podle okres\u016f.<\/p>\n\n\n\n<p><a href=\"http:\/\/www.justice.cz\/cgi-bin\/sqw1250.cgi\/zresortu\/soudci.html\">P\u0159ehled soudc\u016f<\/a><\/p>\n\n\n\n<p>Seznamy soudc\u016f na jednotliv\u00fdch soudech.<\/p>\n\n\n\n<p><a href=\"http:\/\/www.obchodnivestnik.cz\/\">Obchodn\u00ed v\u011bstn\u00edk<\/a><\/p>\n\n\n\n<p>Obchodn\u00ed v\u011bstn\u00edk &#8211; informace o podnikatelsk\u00fdch subjektech.<\/p>\n\n\n\n<p><a href=\"http:\/\/www.cuzk.cz\/\">Katastr nemovitost\u00ed<\/a><\/p>\n\n\n\n<p>Informace pro ob\u010dany o vy\u0159izov\u00e1n\u00ed spr\u00e1vn\u00edch z\u00e1le\u017eitost\u00ed t\u00fdkaj\u00edc\u00edch se katastru nemovitost\u00ed. Postup p\u0159i poskytov\u00e1n\u00ed \u00fadaj\u016f z katastru, informace o povolen\u00ed vkladu do katastru. P\u0159ehled z\u00e1kon\u016f, upravuj\u00edc\u00edch katastr nemovitost\u00ed.<\/p>\n","protected":false},"excerpt":{"rendered":"<p>Obchodn\u00ed rejst\u0159\u00edk Vyhled\u00e1v\u00e1n\u00ed v Obchodn\u00edm rejst\u0159\u00edku. ARES Administrativn\u00ed registr ekonomick\u00fdch subjekt\u016f. Vyhled\u00e1v\u00e1n\u00ed nad v\u0161emi ekonomick\u00fdmi subjekty registrovan\u00fdmi v \u010cesk\u00e9 republice. Pl\u00e1tci dan\u011b z p\u0159idan\u00e9 hodnoty &#8211; DPH Vyhled\u00e1v\u00e1n\u00ed pl\u00e1tc\u016f DPH podle identifika\u010dn\u00edch \u010d\u00edsel (DI\u010c). Evidence \u00fapadc\u016f Vyhled\u00e1v\u00e1n\u00ed v Evidenci \u00fapadc\u016f. P\u0159ehled st\u00e1tn\u00edch z\u00e1stupc\u016f Seznamy st\u00e1tn\u00edch z\u00e1stupc\u016f podle okres\u016f. P\u0159ehled soudc\u016f Seznamy soudc\u016f na jednotliv\u00fdch soudech. <a class=\"more-link\" href=\"https:\/\/www.mimaservis.cz\/index.php\/odkazy\/\">\u010c\u00edst v\u00edce&#8230;<\/a><\/p>\n","protected":false},"author":1,"featured_media":0,"parent":0,"menu_order":0,"comment_status":"closed","ping_status":"closed","template":"","meta":[],"yoast_head":"<!-- This site is optimized with the Yoast SEO plugin v15.5 - https:\/\/yoast.com\/wordpress\/plugins\/seo\/ -->\n<title>Odkazy - www.mimaservis.cz Spr\u00e1va nemovitost\u00ed<\/title>\n<meta name=\"description\" content=\"spr\u00e1vce, spr\u00e1va nemovitost\u00ed , p\u00e9\u010de o nemovitost, real estate, property management , spr\u00e1va byt\u016f\" \/>\n<meta name=\"robots\" content=\"index, follow, max-snippet:-1, max-image-preview:large, max-video-preview:-1\" \/>\n<link rel=\"canonical\" href=\"https:\/\/www.mimaservis.cz\/index.php\/odkazy\/\" \/>\n<meta property=\"og:locale\" content=\"cs_CZ\" \/>\n<meta property=\"og:type\" content=\"article\" \/>\n<meta property=\"og:title\" content=\"Odkazy - www.mimaservis.cz Spr\u00e1va nemovitost\u00ed\" \/>\n<meta property=\"og:description\" content=\"spr\u00e1vce, spr\u00e1va nemovitost\u00ed , p\u00e9\u010de o nemovitost, real estate, property management , spr\u00e1va byt\u016f\" \/>\n<meta property=\"og:url\" content=\"https:\/\/www.mimaservis.cz\/index.php\/odkazy\/\" \/>\n<meta property=\"og:site_name\" content=\"www.mimaservis.cz\" \/>\n<meta property=\"article:publisher\" content=\"https:\/\/www.facebook.com\/groups\/155085831221921\/about\" \/>\n<meta property=\"article:modified_time\" content=\"2021-01-02T19:59:54+00:00\" \/>\n<meta name=\"twitter:card\" content=\"summary_large_image\" \/>\n<meta name=\"twitter:label1\" content=\"Odhadovan\u00e1 doba \u010dten\u00ed\">\n\t<meta name=\"twitter:data1\" content=\"1 minuta\">\n<script type=\"application\/ld+json\" class=\"yoast-schema-graph\">{\"@context\":\"https:\/\/schema.org\",\"@graph\":[{\"@type\":\"Organization\",\"@id\":\"https:\/\/www.mimaservis.cz\/#organization\",\"name\":\"MIMASERVIS s.r.o.\",\"url\":\"https:\/\/www.mimaservis.cz\/\",\"sameAs\":[\"https:\/\/www.facebook.com\/groups\/155085831221921\/about\"],\"logo\":{\"@type\":\"ImageObject\",\"@id\":\"https:\/\/www.mimaservis.cz\/#logo\",\"inLanguage\":\"cs\",\"url\":\"https:\/\/www.mimaservis.cz\/wp-content\/uploads\/2020\/03\/cropped-Vizitka-logo.jpg\",\"width\":348,\"height\":94,\"caption\":\"MIMASERVIS s.r.o.\"},\"image\":{\"@id\":\"https:\/\/www.mimaservis.cz\/#logo\"}},{\"@type\":\"WebSite\",\"@id\":\"https:\/\/www.mimaservis.cz\/#website\",\"url\":\"https:\/\/www.mimaservis.cz\/\",\"name\":\"www.mimaservis.cz\",\"description\":\"Spr\\u00e1va nemovitost\\u00ed Pardubice\",\"publisher\":{\"@id\":\"https:\/\/www.mimaservis.cz\/#organization\"},\"potentialAction\":[{\"@type\":\"SearchAction\",\"target\":\"https:\/\/www.mimaservis.cz\/?s={search_term_string}\",\"query-input\":\"required name=search_term_string\"}],\"inLanguage\":\"cs\"},{\"@type\":\"WebPage\",\"@id\":\"https:\/\/www.mimaservis.cz\/index.php\/odkazy\/#webpage\",\"url\":\"https:\/\/www.mimaservis.cz\/index.php\/odkazy\/\",\"name\":\"Odkazy - www.mimaservis.cz Spr\\u00e1va nemovitost\\u00ed\",\"isPartOf\":{\"@id\":\"https:\/\/www.mimaservis.cz\/#website\"},\"datePublished\":\"2020-06-07T17:50:22+00:00\",\"dateModified\":\"2021-01-02T19:59:54+00:00\",\"description\":\"spr\\u00e1vce, spr\\u00e1va nemovitost\\u00ed , p\\u00e9\\u010de o nemovitost, real estate, property management , spr\\u00e1va byt\\u016f\",\"inLanguage\":\"cs\",\"potentialAction\":[{\"@type\":\"ReadAction\",\"target\":[\"https:\/\/www.mimaservis.cz\/index.php\/odkazy\/\"]}]}]}<\/script>\n<!-- \/ Yoast SEO plugin. -->","_links":{"self":[{"href":"https:\/\/www.mimaservis.cz\/index.php\/wp-json\/wp\/v2\/pages\/259"}],"collection":[{"href":"https:\/\/www.mimaservis.cz\/index.php\/wp-json\/wp\/v2\/pages"}],"about":[{"href":"https:\/\/www.mimaservis.cz\/index.php\/wp-json\/wp\/v2\/types\/page"}],"author":[{"embeddable":true,"href":"https:\/\/www.mimaservis.cz\/index.php\/wp-json\/wp\/v2\/users\/1"}],"replies":[{"embeddable":true,"href":"https:\/\/www.mimaservis.cz\/index.php\/wp-json\/wp\/v2\/comments?post=259"}],"version-history":[{"count":1,"href":"https:\/\/www.mimaservis.cz\/index.php\/wp-json\/wp\/v2\/pages\/259\/revisions"}],"predecessor-version":[{"id":425,"href":"https:\/\/www.mimaservis.cz\/index.php\/wp-json\/wp\/v2\/pages\/259\/revisions\/425"}],"wp:attachment":[{"href":"https:\/\/www.mimaservis.cz\/index.php\/wp-json\/wp\/v2\/media?parent=259"}],"curies":[{"name":"wp","href":"https:\/\/api.w.org\/{rel}","templated":true}]}}