{"id":294,"date":"2020-06-08T18:04:01","date_gmt":"2020-06-08T16:04:01","guid":{"rendered":"http:\/\/www.mimaservis.eu\/?page_id=294"},"modified":"2021-04-05T09:00:48","modified_gmt":"2021-04-05T09:00:48","slug":"casto-kladene-otazky","status":"publish","type":"page","link":"https:\/\/www.mimaservis.cz\/index.php\/casto-kladene-otazky\/","title":{"rendered":"FAQ"},"content":{"rendered":"\n<p class=\"has-medium-font-size\"><strong>FAQ neboli \u010dasto kladen\u00e9 ot\u00e1zky. <\/strong><\/p>\n\n\n\n<figure class=\"wp-block-image size-large is-resized\"><img loading=\"lazy\" src=\"https:\/\/www.mimaservis.cz\/wp-content\/uploads\/2021\/01\/FAQ-1024x429.jpg\" alt=\"\" class=\"wp-image-484\" width=\"760\" height=\"300\"\/><\/figure>\n\n\n\n<p><strong>1. Jsem nov\u00fdm vlast\u00edkem bytu co m\u00e1m ud\u011blat jako prvn\u00ed pro dokon\u010den\u00ed registrace u spr\u00e1vce ? <\/strong><\/p>\n\n\n\n<p class=\"has-small-font-size\"><strong>Odpov\u011b\u010f:<\/strong> Pros\u00edme klienty o vypln\u011bn\u00ed formul\u00e1\u0159e registrace nov\u00e9ho vlastn\u00edka, kter\u00fd naleznete <a href=\"https:\/\/1drv.ms\/b\/s!AiOxPjbTzgxTgc8hNiLkMU6ml5YPMw?e=qbe6mx\">zde.<\/a> D\u00e1le pros\u00edme o zasl\u00e1n\u00ed v\u00fdpisu z katastru ( varianta kter\u00e1 chod\u00ed do po\u0161tovn\u00ed schr\u00e1nky od katastr\u00e1ln\u00edho \u00fa\u0159adu ). Pot\u0159ebn\u00e9 \u00fadaje pros\u00edm za\u0161lete na email evidence@mimaservis.cz.<\/p>\n\n\n\n<div class=\"wp-block-buttons\">\n<div class=\"wp-block-button\"><a class=\"wp-block-button__link\" href=\"https:\/\/1drv.ms\/b\/s!AiOxPjbTzgxTgc8hNiLkMU6ml5YPMw?e=qbe6mx\">Formul\u00e1\u0159 registrace nov\u00e9ho vlastn\u00edka<\/a><\/div>\n<\/div>\n\n\n\n<hr class=\"wp-block-separator\"\/>\n\n\n\n<p><strong>2. Jak mohu u\u010dinit zm\u011bnu n\u011bkter\u00e9ho z uveden\u00fdch \u00fadaj\u016f p\u0159i registraci u spr\u00e1vce MIMASERVIS s.r.o. ? <\/strong><\/p>\n\n\n\n<p class=\"has-small-font-size\"><strong>Odpov\u011b\u010f:<\/strong> Pro zm\u011bnu jak\u00e9hokoliv \u00fadaje pros\u00edm vyu\u017eijte formul\u00e1\u0159e zm\u011bny \u00fadaj\u016f st\u00e1vaj\u00edc\u00edho klienta, kter\u00fd naleznete <a href=\"https:\/\/1drv.ms\/b\/s!AiOxPjbTzgxTgpwUVv3GDsGdmHHjaw?e=ruvH35\">zde<\/a><a href=\"https:\/\/www.mimaservis.eu\/formulare\/\">.<\/a> Vypln\u011bn\u00fd formul\u00e1\u0159 pros\u00edm ode\u0161lete naskenovan\u00fd na evidence@mimaservis.cz.<\/p>\n\n\n\n<div class=\"wp-block-buttons\">\n<div class=\"wp-block-button\"><a class=\"wp-block-button__link\" href=\"https:\/\/1drv.ms\/b\/s!AiOxPjbTzgxTgpwUVv3GDsGdmHHjaw?e=ruvH35\">Formul\u00e1\u0159 zm\u011bny \u00fadaj\u016f<\/a><\/div>\n<\/div>\n","protected":false},"excerpt":{"rendered":"<p>FAQ neboli \u010dasto kladen\u00e9 ot\u00e1zky. 1. Jsem nov\u00fdm vlast\u00edkem bytu co m\u00e1m ud\u011blat jako prvn\u00ed pro dokon\u010den\u00ed registrace u spr\u00e1vce ? Odpov\u011b\u010f: Pros\u00edme klienty o vypln\u011bn\u00ed formul\u00e1\u0159e registrace nov\u00e9ho vlastn\u00edka, kter\u00fd naleznete zde. D\u00e1le pros\u00edme o zasl\u00e1n\u00ed v\u00fdpisu z katastru ( varianta kter\u00e1 chod\u00ed do po\u0161tovn\u00ed schr\u00e1nky od katastr\u00e1ln\u00edho \u00fa\u0159adu ). Pot\u0159ebn\u00e9 \u00fadaje pros\u00edm za\u0161lete <a class=\"more-link\" href=\"https:\/\/www.mimaservis.cz\/index.php\/casto-kladene-otazky\/\">\u010c\u00edst v\u00edce&#8230;<\/a><\/p>\n","protected":false},"author":1,"featured_media":0,"parent":0,"menu_order":0,"comment_status":"closed","ping_status":"closed","template":"","meta":[],"yoast_head":"<!-- This site is optimized with the Yoast SEO plugin v15.5 - https:\/\/yoast.com\/wordpress\/plugins\/seo\/ -->\n<title>\u010casto kladen\u00e9 ot\u00e1zky<\/title>\n<meta name=\"description\" content=\"spr\u00e1vce, spr\u00e1va nemovitost\u00ed , p\u00e9\u010de o nemovitost, real estate, property management , spr\u00e1va byt\u016f\" \/>\n<meta name=\"robots\" content=\"index, follow, max-snippet:-1, max-image-preview:large, max-video-preview:-1\" \/>\n<link rel=\"canonical\" href=\"https:\/\/www.mimaservis.cz\/index.php\/casto-kladene-otazky\/\" \/>\n<meta property=\"og:locale\" content=\"cs_CZ\" \/>\n<meta property=\"og:type\" content=\"article\" \/>\n<meta property=\"og:title\" content=\"\u010casto kladen\u00e9 ot\u00e1zky\" \/>\n<meta property=\"og:description\" content=\"spr\u00e1vce, spr\u00e1va nemovitost\u00ed , p\u00e9\u010de o nemovitost, real estate, property management , spr\u00e1va byt\u016f\" \/>\n<meta property=\"og:url\" content=\"https:\/\/www.mimaservis.cz\/index.php\/casto-kladene-otazky\/\" \/>\n<meta property=\"og:site_name\" content=\"www.mimaservis.cz\" \/>\n<meta property=\"article:publisher\" content=\"https:\/\/www.facebook.com\/groups\/155085831221921\/about\" \/>\n<meta property=\"article:modified_time\" content=\"2021-04-05T09:00:48+00:00\" \/>\n<meta property=\"og:image\" content=\"https:\/\/www.mimaservis.cz\/wp-content\/uploads\/2021\/01\/FAQ-1024x429.jpg\" \/>\n<meta name=\"twitter:card\" content=\"summary_large_image\" \/>\n<meta name=\"twitter:label1\" content=\"Odhadovan\u00e1 doba \u010dten\u00ed\">\n\t<meta name=\"twitter:data1\" content=\"1 minuta\">\n<script type=\"application\/ld+json\" class=\"yoast-schema-graph\">{\"@context\":\"https:\/\/schema.org\",\"@graph\":[{\"@type\":\"Organization\",\"@id\":\"https:\/\/www.mimaservis.cz\/#organization\",\"name\":\"MIMASERVIS s.r.o.\",\"url\":\"https:\/\/www.mimaservis.cz\/\",\"sameAs\":[\"https:\/\/www.facebook.com\/groups\/155085831221921\/about\"],\"logo\":{\"@type\":\"ImageObject\",\"@id\":\"https:\/\/www.mimaservis.cz\/#logo\",\"inLanguage\":\"cs\",\"url\":\"https:\/\/www.mimaservis.cz\/wp-content\/uploads\/2020\/03\/cropped-Vizitka-logo.jpg\",\"width\":348,\"height\":94,\"caption\":\"MIMASERVIS s.r.o.\"},\"image\":{\"@id\":\"https:\/\/www.mimaservis.cz\/#logo\"}},{\"@type\":\"WebSite\",\"@id\":\"https:\/\/www.mimaservis.cz\/#website\",\"url\":\"https:\/\/www.mimaservis.cz\/\",\"name\":\"www.mimaservis.cz\",\"description\":\"Spr\\u00e1va nemovitost\\u00ed Pardubice\",\"publisher\":{\"@id\":\"https:\/\/www.mimaservis.cz\/#organization\"},\"potentialAction\":[{\"@type\":\"SearchAction\",\"target\":\"https:\/\/www.mimaservis.cz\/?s={search_term_string}\",\"query-input\":\"required name=search_term_string\"}],\"inLanguage\":\"cs\"},{\"@type\":\"ImageObject\",\"@id\":\"https:\/\/www.mimaservis.cz\/index.php\/casto-kladene-otazky\/#primaryimage\",\"inLanguage\":\"cs\",\"url\":\"https:\/\/www.mimaservis.cz\/wp-content\/uploads\/2021\/01\/FAQ.jpg\",\"width\":2196,\"height\":920},{\"@type\":\"WebPage\",\"@id\":\"https:\/\/www.mimaservis.cz\/index.php\/casto-kladene-otazky\/#webpage\",\"url\":\"https:\/\/www.mimaservis.cz\/index.php\/casto-kladene-otazky\/\",\"name\":\"\\u010casto kladen\\u00e9 ot\\u00e1zky\",\"isPartOf\":{\"@id\":\"https:\/\/www.mimaservis.cz\/#website\"},\"primaryImageOfPage\":{\"@id\":\"https:\/\/www.mimaservis.cz\/index.php\/casto-kladene-otazky\/#primaryimage\"},\"datePublished\":\"2020-06-08T16:04:01+00:00\",\"dateModified\":\"2021-04-05T09:00:48+00:00\",\"description\":\"spr\\u00e1vce, spr\\u00e1va nemovitost\\u00ed , p\\u00e9\\u010de o nemovitost, real estate, property management , spr\\u00e1va byt\\u016f\",\"inLanguage\":\"cs\",\"potentialAction\":[{\"@type\":\"ReadAction\",\"target\":[\"https:\/\/www.mimaservis.cz\/index.php\/casto-kladene-otazky\/\"]}]}]}<\/script>\n<!-- \/ Yoast SEO plugin. -->","_links":{"self":[{"href":"https:\/\/www.mimaservis.cz\/index.php\/wp-json\/wp\/v2\/pages\/294"}],"collection":[{"href":"https:\/\/www.mimaservis.cz\/index.php\/wp-json\/wp\/v2\/pages"}],"about":[{"href":"https:\/\/www.mimaservis.cz\/index.php\/wp-json\/wp\/v2\/types\/page"}],"author":[{"embeddable":true,"href":"https:\/\/www.mimaservis.cz\/index.php\/wp-json\/wp\/v2\/users\/1"}],"replies":[{"embeddable":true,"href":"https:\/\/www.mimaservis.cz\/index.php\/wp-json\/wp\/v2\/comments?post=294"}],"version-history":[{"count":9,"href":"https:\/\/www.mimaservis.cz\/index.php\/wp-json\/wp\/v2\/pages\/294\/revisions"}],"predecessor-version":[{"id":700,"href":"https:\/\/www.mimaservis.cz\/index.php\/wp-json\/wp\/v2\/pages\/294\/revisions\/700"}],"wp:attachment":[{"href":"https:\/\/www.mimaservis.cz\/index.php\/wp-json\/wp\/v2\/media?parent=294"}],"curies":[{"name":"wp","href":"https:\/\/api.w.org\/{rel}","templated":true}]}}