{"id":438,"date":"2021-01-02T12:04:07","date_gmt":"2021-01-02T12:04:07","guid":{"rendered":"http:\/\/www.mimaservis.cz\/?page_id=438"},"modified":"2023-08-29T09:46:16","modified_gmt":"2023-08-29T09:46:16","slug":"nebytovy-prostor-havlickova-1018-pardubice","status":"publish","type":"page","link":"https:\/\/www.mimaservis.cz\/index.php\/nebytovy-prostor-havlickova-1018-pardubice\/","title":{"rendered":"Nebytov\u00fd prostor Havl\u00ed\u010dkova \u010dp. 1000 Pardubice Pronajato"},"content":{"rendered":"\n<p>Nebytov\u00fd prostor v m\u00edst\u011b Havl\u00ed\u010dkova \u010dp. 1000. Vhodn\u00fd zejm\u00e9na jako komer\u010dn\u00ed prostor. D\u0159\u00edve jste zde mohli nal\u00e9zt prodejnu se sportovn\u00edm zbo\u017e\u00edm, pivnici, nebo karaoke klub. <\/p>\n\n\n\n<p>Vybaven\u00ed: Nebytov\u00fd prostor je vybaven vlastn\u00edm p\u0159\u00edvodem plynu a elekt\u0159iny. Vyt\u00e1pen\u00ed je \u0159e\u0161eno plynov\u00fdm kotlem a oh\u0159ev vody pomoc\u00ed bojleru. Je instalov\u00e1na i vzduchotechnika kter\u00e1 je pot\u0159eba upravit dle pot\u0159eb provozu. V z\u00e1zem\u00ed se nach\u00e1z\u00ed kancel\u00e1\u0159 + wc p\u00e1nsk\u00e9 a d\u00e1msk\u00e9 a sprchy.<\/p>\n\n\n\n<p>V\u00fdm\u011bra 120m2 \u010d\u00e1st v p\u0159\u00edzem\u00ed domu, suter\u00e9n dv\u011b m\u00edstnosti + chodba o v\u00fdm\u011b\u0159e cca 75 m2. <\/p>\n\n\n\n<p>Nyn\u00ed ak\u010dn\u00ed cena:         K\u010d m\u011bs\u00ed\u010dn\u011b + z\u00e1lohy na slu\u017eby ( voda, elekt\u0159ina, plyn atd.)<\/p>\n\n\n\n<p>Kontakt pro v\u00edce informac\u00ed: 723428172<\/p>\n\n\n\n<figure class=\"wp-block-image size-large is-style-default\"><img loading=\"lazy\" width=\"1024\" height=\"498\" src=\"https:\/\/www.mimaservis.cz\/wp-content\/uploads\/2021\/01\/20190924_111548-1024x498.jpg\" alt=\"\" class=\"wp-image-439\" srcset=\"https:\/\/www.mimaservis.cz\/wp-content\/uploads\/2021\/01\/20190924_111548-1024x498.jpg 1024w, https:\/\/www.mimaservis.cz\/wp-content\/uploads\/2021\/01\/20190924_111548-300x146.jpg 300w, https:\/\/www.mimaservis.cz\/wp-content\/uploads\/2021\/01\/20190924_111548-768x373.jpg 768w, https:\/\/www.mimaservis.cz\/wp-content\/uploads\/2021\/01\/20190924_111548-1536x747.jpg 1536w, https:\/\/www.mimaservis.cz\/wp-content\/uploads\/2021\/01\/20190924_111548-2048x996.jpg 2048w\" sizes=\"(max-width: 1024px) 100vw, 1024px\" \/><\/figure>\n\n\n\n<figure class=\"wp-block-image size-large is-style-default\"><img loading=\"lazy\" width=\"1024\" height=\"498\" src=\"https:\/\/www.mimaservis.cz\/wp-content\/uploads\/2021\/01\/20190924_111555-1-1024x498.jpg\" alt=\"\" class=\"wp-image-443\" srcset=\"https:\/\/www.mimaservis.cz\/wp-content\/uploads\/2021\/01\/20190924_111555-1-1024x498.jpg 1024w, https:\/\/www.mimaservis.cz\/wp-content\/uploads\/2021\/01\/20190924_111555-1-300x146.jpg 300w, https:\/\/www.mimaservis.cz\/wp-content\/uploads\/2021\/01\/20190924_111555-1-768x373.jpg 768w, https:\/\/www.mimaservis.cz\/wp-content\/uploads\/2021\/01\/20190924_111555-1-1536x747.jpg 1536w, https:\/\/www.mimaservis.cz\/wp-content\/uploads\/2021\/01\/20190924_111555-1-2048x996.jpg 2048w\" sizes=\"(max-width: 1024px) 100vw, 1024px\" \/><\/figure>\n\n\n\n<figure class=\"wp-block-image size-large is-style-default\"><img loading=\"lazy\" width=\"1024\" height=\"498\" src=\"https:\/\/www.mimaservis.cz\/wp-content\/uploads\/2021\/01\/20190924_111541-1-1024x498.jpg\" alt=\"\" class=\"wp-image-444\" srcset=\"https:\/\/www.mimaservis.cz\/wp-content\/uploads\/2021\/01\/20190924_111541-1-1024x498.jpg 1024w, https:\/\/www.mimaservis.cz\/wp-content\/uploads\/2021\/01\/20190924_111541-1-300x146.jpg 300w, https:\/\/www.mimaservis.cz\/wp-content\/uploads\/2021\/01\/20190924_111541-1-768x373.jpg 768w, https:\/\/www.mimaservis.cz\/wp-content\/uploads\/2021\/01\/20190924_111541-1-1536x747.jpg 1536w, https:\/\/www.mimaservis.cz\/wp-content\/uploads\/2021\/01\/20190924_111541-1-2048x996.jpg 2048w\" sizes=\"(max-width: 1024px) 100vw, 1024px\" \/><\/figure>\n\n\n\n<figure class=\"wp-block-image size-large is-style-default\"><img loading=\"lazy\" width=\"1024\" height=\"498\" src=\"https:\/\/www.mimaservis.cz\/wp-content\/uploads\/2021\/01\/20190924_111609-1024x498.jpg\" alt=\"\" class=\"wp-image-445\" srcset=\"https:\/\/www.mimaservis.cz\/wp-content\/uploads\/2021\/01\/20190924_111609-1024x498.jpg 1024w, https:\/\/www.mimaservis.cz\/wp-content\/uploads\/2021\/01\/20190924_111609-300x146.jpg 300w, https:\/\/www.mimaservis.cz\/wp-content\/uploads\/2021\/01\/20190924_111609-768x373.jpg 768w, https:\/\/www.mimaservis.cz\/wp-content\/uploads\/2021\/01\/20190924_111609-1536x747.jpg 1536w, https:\/\/www.mimaservis.cz\/wp-content\/uploads\/2021\/01\/20190924_111609-2048x996.jpg 2048w\" sizes=\"(max-width: 1024px) 100vw, 1024px\" \/><\/figure>\n\n\n\n<figure class=\"wp-block-image size-large\"><img loading=\"lazy\" width=\"1024\" height=\"669\" src=\"https:\/\/www.mimaservis.cz\/wp-content\/uploads\/2022\/11\/Plan-nebytoveho-prostoru--1024x669.jpg\" alt=\"\" class=\"wp-image-754\" srcset=\"https:\/\/www.mimaservis.cz\/wp-content\/uploads\/2022\/11\/Plan-nebytoveho-prostoru--1024x669.jpg 1024w, https:\/\/www.mimaservis.cz\/wp-content\/uploads\/2022\/11\/Plan-nebytoveho-prostoru--300x196.jpg 300w, https:\/\/www.mimaservis.cz\/wp-content\/uploads\/2022\/11\/Plan-nebytoveho-prostoru--768x502.jpg 768w, https:\/\/www.mimaservis.cz\/wp-content\/uploads\/2022\/11\/Plan-nebytoveho-prostoru--1536x1003.jpg 1536w, https:\/\/www.mimaservis.cz\/wp-content\/uploads\/2022\/11\/Plan-nebytoveho-prostoru-.jpg 1917w\" sizes=\"(max-width: 1024px) 100vw, 1024px\" \/><\/figure>\n","protected":false},"excerpt":{"rendered":"<p>Nebytov\u00fd prostor v m\u00edst\u011b Havl\u00ed\u010dkova \u010dp. 1000. Vhodn\u00fd zejm\u00e9na jako komer\u010dn\u00ed prostor. D\u0159\u00edve jste zde mohli nal\u00e9zt prodejnu se sportovn\u00edm zbo\u017e\u00edm, pivnici, nebo karaoke klub. Vybaven\u00ed: Nebytov\u00fd prostor je vybaven vlastn\u00edm p\u0159\u00edvodem plynu a elekt\u0159iny. Vyt\u00e1pen\u00ed je \u0159e\u0161eno plynov\u00fdm kotlem a oh\u0159ev vody pomoc\u00ed bojleru. Je instalov\u00e1na i vzduchotechnika kter\u00e1 je pot\u0159eba upravit dle pot\u0159eb <a class=\"more-link\" href=\"https:\/\/www.mimaservis.cz\/index.php\/nebytovy-prostor-havlickova-1018-pardubice\/\">\u010c\u00edst v\u00edce&#8230;<\/a><\/p>\n","protected":false},"author":1,"featured_media":0,"parent":0,"menu_order":0,"comment_status":"closed","ping_status":"closed","template":"","meta":[],"yoast_head":"<!-- This site is optimized with the Yoast SEO plugin v15.5 - https:\/\/yoast.com\/wordpress\/plugins\/seo\/ -->\n<title>Nebytov\u00fd prostor Havl\u00ed\u010dkova \u010dp. 1000 Pardubice Pronajato - www.mimaservis.cz Spr\u00e1va nemovitost\u00ed<\/title>\n<meta name=\"description\" content=\"spr\u00e1vce, spr\u00e1va nemovitost\u00ed , p\u00e9\u010de o nemovitost, real estate, property management , spr\u00e1va byt\u016f\" \/>\n<meta name=\"robots\" content=\"index, follow, max-snippet:-1, max-image-preview:large, max-video-preview:-1\" \/>\n<link rel=\"canonical\" href=\"https:\/\/www.mimaservis.cz\/index.php\/nebytovy-prostor-havlickova-1018-pardubice\/\" \/>\n<meta property=\"og:locale\" content=\"cs_CZ\" \/>\n<meta property=\"og:type\" content=\"article\" \/>\n<meta property=\"og:title\" content=\"Nebytov\u00fd prostor Havl\u00ed\u010dkova \u010dp. 1000 Pardubice Pronajato - www.mimaservis.cz Spr\u00e1va nemovitost\u00ed\" \/>\n<meta property=\"og:description\" content=\"spr\u00e1vce, spr\u00e1va nemovitost\u00ed , p\u00e9\u010de o nemovitost, real estate, property management , spr\u00e1va byt\u016f\" \/>\n<meta property=\"og:url\" content=\"https:\/\/www.mimaservis.cz\/index.php\/nebytovy-prostor-havlickova-1018-pardubice\/\" \/>\n<meta property=\"og:site_name\" content=\"www.mimaservis.cz\" \/>\n<meta property=\"article:publisher\" content=\"https:\/\/www.facebook.com\/groups\/155085831221921\/about\" \/>\n<meta property=\"article:modified_time\" content=\"2023-08-29T09:46:16+00:00\" \/>\n<meta property=\"og:image\" content=\"https:\/\/www.mimaservis.cz\/wp-content\/uploads\/2021\/01\/20190924_111548-1024x498.jpg\" \/>\n<meta name=\"twitter:card\" content=\"summary_large_image\" \/>\n<meta name=\"twitter:label1\" content=\"Odhadovan\u00e1 doba \u010dten\u00ed\">\n\t<meta name=\"twitter:data1\" content=\"1 minuta\">\n<script type=\"application\/ld+json\" class=\"yoast-schema-graph\">{\"@context\":\"https:\/\/schema.org\",\"@graph\":[{\"@type\":\"Organization\",\"@id\":\"https:\/\/www.mimaservis.cz\/#organization\",\"name\":\"MIMASERVIS s.r.o.\",\"url\":\"https:\/\/www.mimaservis.cz\/\",\"sameAs\":[\"https:\/\/www.facebook.com\/groups\/155085831221921\/about\"],\"logo\":{\"@type\":\"ImageObject\",\"@id\":\"https:\/\/www.mimaservis.cz\/#logo\",\"inLanguage\":\"cs\",\"url\":\"https:\/\/www.mimaservis.cz\/wp-content\/uploads\/2020\/03\/cropped-Vizitka-logo.jpg\",\"width\":348,\"height\":94,\"caption\":\"MIMASERVIS s.r.o.\"},\"image\":{\"@id\":\"https:\/\/www.mimaservis.cz\/#logo\"}},{\"@type\":\"WebSite\",\"@id\":\"https:\/\/www.mimaservis.cz\/#website\",\"url\":\"https:\/\/www.mimaservis.cz\/\",\"name\":\"www.mimaservis.cz\",\"description\":\"Spr\\u00e1va nemovitost\\u00ed Pardubice\",\"publisher\":{\"@id\":\"https:\/\/www.mimaservis.cz\/#organization\"},\"potentialAction\":[{\"@type\":\"SearchAction\",\"target\":\"https:\/\/www.mimaservis.cz\/?s={search_term_string}\",\"query-input\":\"required name=search_term_string\"}],\"inLanguage\":\"cs\"},{\"@type\":\"ImageObject\",\"@id\":\"https:\/\/www.mimaservis.cz\/index.php\/nebytovy-prostor-havlickova-1018-pardubice\/#primaryimage\",\"inLanguage\":\"cs\",\"url\":\"https:\/\/www.mimaservis.cz\/wp-content\/uploads\/2021\/01\/20190924_111548-1024x498.jpg\"},{\"@type\":\"WebPage\",\"@id\":\"https:\/\/www.mimaservis.cz\/index.php\/nebytovy-prostor-havlickova-1018-pardubice\/#webpage\",\"url\":\"https:\/\/www.mimaservis.cz\/index.php\/nebytovy-prostor-havlickova-1018-pardubice\/\",\"name\":\"Nebytov\\u00fd prostor Havl\\u00ed\\u010dkova \\u010dp. 1000 Pardubice Pronajato - www.mimaservis.cz Spr\\u00e1va nemovitost\\u00ed\",\"isPartOf\":{\"@id\":\"https:\/\/www.mimaservis.cz\/#website\"},\"primaryImageOfPage\":{\"@id\":\"https:\/\/www.mimaservis.cz\/index.php\/nebytovy-prostor-havlickova-1018-pardubice\/#primaryimage\"},\"datePublished\":\"2021-01-02T12:04:07+00:00\",\"dateModified\":\"2023-08-29T09:46:16+00:00\",\"description\":\"spr\\u00e1vce, spr\\u00e1va nemovitost\\u00ed , p\\u00e9\\u010de o nemovitost, real estate, property management , spr\\u00e1va byt\\u016f\",\"inLanguage\":\"cs\",\"potentialAction\":[{\"@type\":\"ReadAction\",\"target\":[\"https:\/\/www.mimaservis.cz\/index.php\/nebytovy-prostor-havlickova-1018-pardubice\/\"]}]}]}<\/script>\n<!-- \/ Yoast SEO plugin. -->","_links":{"self":[{"href":"https:\/\/www.mimaservis.cz\/index.php\/wp-json\/wp\/v2\/pages\/438"}],"collection":[{"href":"https:\/\/www.mimaservis.cz\/index.php\/wp-json\/wp\/v2\/pages"}],"about":[{"href":"https:\/\/www.mimaservis.cz\/index.php\/wp-json\/wp\/v2\/types\/page"}],"author":[{"embeddable":true,"href":"https:\/\/www.mimaservis.cz\/index.php\/wp-json\/wp\/v2\/users\/1"}],"replies":[{"embeddable":true,"href":"https:\/\/www.mimaservis.cz\/index.php\/wp-json\/wp\/v2\/comments?post=438"}],"version-history":[{"count":11,"href":"https:\/\/www.mimaservis.cz\/index.php\/wp-json\/wp\/v2\/pages\/438\/revisions"}],"predecessor-version":[{"id":790,"href":"https:\/\/www.mimaservis.cz\/index.php\/wp-json\/wp\/v2\/pages\/438\/revisions\/790"}],"wp:attachment":[{"href":"https:\/\/www.mimaservis.cz\/index.php\/wp-json\/wp\/v2\/media?parent=438"}],"curies":[{"name":"wp","href":"https:\/\/api.w.org\/{rel}","templated":true}]}}