{"id":512,"date":"2021-01-02T21:55:41","date_gmt":"2021-01-02T21:55:41","guid":{"rendered":"https:\/\/www.mimaservis.cz\/?page_id=512"},"modified":"2021-01-04T14:21:12","modified_gmt":"2021-01-04T14:21:12","slug":"ekonomicka-sprava","status":"publish","type":"page","link":"https:\/\/www.mimaservis.cz\/index.php\/ekonomicka-sprava\/","title":{"rendered":"Ekonomick\u00e1 spr\u00e1va"},"content":{"rendered":"\n<h3>Obsahuje: <\/h3>\n\n\n\n<ul><li>Ekonomickou spr\u00e1vu domu<\/li><li>(vy\u00fa\u010dtov\u00e1n\u00ed elektronickou formou, a p\u0159ehledy elektronicky)<\/li><li>Administrativu spojenou se spr\u00e1vou domu.<\/li><\/ul>\n\n\n\n<p>Jedn\u00e1 se o z\u00e1kladn\u00ed slu\u017ebu vhodn\u00e9 pro nen\u00e1ro\u010dn\u00e9 u\u017eivatele, kte\u0159\u00ed si \u00fa\u010detnictv\u00ed a opravy \u0159e\u0161\u00ed sami. Kdykoliv je mo\u017en\u00e9 slu\u017eby roz\u0161\u00ed\u0159it o \u00fa\u010detnictv\u00ed a dal\u0161\u00ed slu\u017eby zm\u011bnou tarifu na nov\u00fd. Cena se odv\u00edj\u00ed od po\u010dtu jednotek u velice mal\u00fdch po\u010dt\u016f jednotek plat\u00ed pau\u0161\u00e1ln\u00ed minim\u00e1ln\u00ed cena od 1200 K\u010d.<\/p>\n\n\n\n<p>V\u00edce informac\u00ed naleznete n\u00ed\u017ee.<\/p>\n\n\n\n<div class=\"wp-block-buttons alignleft\">\n<div class=\"wp-block-button is-style-fill\"><a class=\"wp-block-button__link\" href=\"https:\/\/www.mimaservis.cz\/index.php\/ekonomicka-sprava-2\/\">Zjistit v\u00edce<\/a><\/div>\n\n\n\n<div class=\"wp-block-button is-style-fill\"><a class=\"wp-block-button__link\" href=\"https:\/\/www.mimaservis.cz\/index.php\/sprava-nemovitosti\/\">Chci nab\u00eddku<\/a><\/div>\n<\/div>\n","protected":false},"excerpt":{"rendered":"<p>Obsahuje: Ekonomickou spr\u00e1vu domu (vy\u00fa\u010dtov\u00e1n\u00ed elektronickou formou, a p\u0159ehledy elektronicky) Administrativu spojenou se spr\u00e1vou domu. Jedn\u00e1 se o z\u00e1kladn\u00ed slu\u017ebu vhodn\u00e9 pro nen\u00e1ro\u010dn\u00e9 u\u017eivatele, kte\u0159\u00ed si \u00fa\u010detnictv\u00ed a opravy \u0159e\u0161\u00ed sami. Kdykoliv je mo\u017en\u00e9 slu\u017eby roz\u0161\u00ed\u0159it o \u00fa\u010detnictv\u00ed a dal\u0161\u00ed slu\u017eby zm\u011bnou tarifu na nov\u00fd. Cena se odv\u00edj\u00ed od po\u010dtu jednotek u velice mal\u00fdch po\u010dt\u016f <a class=\"more-link\" href=\"https:\/\/www.mimaservis.cz\/index.php\/ekonomicka-sprava\/\">\u010c\u00edst v\u00edce&#8230;<\/a><\/p>\n","protected":false},"author":1,"featured_media":0,"parent":0,"menu_order":0,"comment_status":"closed","ping_status":"closed","template":"","meta":[],"yoast_head":"<!-- This site is optimized with the Yoast SEO plugin v15.5 - https:\/\/yoast.com\/wordpress\/plugins\/seo\/ -->\n<title>Ekonomick\u00e1 spr\u00e1va - www.mimaservis.cz Spr\u00e1va nemovitost\u00ed<\/title>\n<meta name=\"description\" content=\"spr\u00e1vce, spr\u00e1va nemovitost\u00ed , p\u00e9\u010de o nemovitost, real estate, property management , spr\u00e1va byt\u016f\" \/>\n<meta name=\"robots\" content=\"index, follow, max-snippet:-1, max-image-preview:large, max-video-preview:-1\" \/>\n<link rel=\"canonical\" href=\"https:\/\/www.mimaservis.cz\/index.php\/ekonomicka-sprava\/\" \/>\n<meta property=\"og:locale\" content=\"cs_CZ\" \/>\n<meta property=\"og:type\" content=\"article\" \/>\n<meta property=\"og:title\" content=\"Ekonomick\u00e1 spr\u00e1va - www.mimaservis.cz Spr\u00e1va nemovitost\u00ed\" \/>\n<meta property=\"og:description\" content=\"spr\u00e1vce, spr\u00e1va nemovitost\u00ed , p\u00e9\u010de o nemovitost, real estate, property management , spr\u00e1va byt\u016f\" \/>\n<meta property=\"og:url\" content=\"https:\/\/www.mimaservis.cz\/index.php\/ekonomicka-sprava\/\" \/>\n<meta property=\"og:site_name\" content=\"www.mimaservis.cz\" \/>\n<meta property=\"article:publisher\" content=\"https:\/\/www.facebook.com\/groups\/155085831221921\/about\" \/>\n<meta property=\"article:modified_time\" content=\"2021-01-04T14:21:12+00:00\" \/>\n<meta name=\"twitter:card\" content=\"summary_large_image\" \/>\n<meta name=\"twitter:label1\" content=\"Odhadovan\u00e1 doba \u010dten\u00ed\">\n\t<meta name=\"twitter:data1\" content=\"0 minut\">\n<script type=\"application\/ld+json\" class=\"yoast-schema-graph\">{\"@context\":\"https:\/\/schema.org\",\"@graph\":[{\"@type\":\"Organization\",\"@id\":\"https:\/\/www.mimaservis.cz\/#organization\",\"name\":\"MIMASERVIS s.r.o.\",\"url\":\"https:\/\/www.mimaservis.cz\/\",\"sameAs\":[\"https:\/\/www.facebook.com\/groups\/155085831221921\/about\"],\"logo\":{\"@type\":\"ImageObject\",\"@id\":\"https:\/\/www.mimaservis.cz\/#logo\",\"inLanguage\":\"cs\",\"url\":\"https:\/\/www.mimaservis.cz\/wp-content\/uploads\/2020\/03\/cropped-Vizitka-logo.jpg\",\"width\":348,\"height\":94,\"caption\":\"MIMASERVIS s.r.o.\"},\"image\":{\"@id\":\"https:\/\/www.mimaservis.cz\/#logo\"}},{\"@type\":\"WebSite\",\"@id\":\"https:\/\/www.mimaservis.cz\/#website\",\"url\":\"https:\/\/www.mimaservis.cz\/\",\"name\":\"www.mimaservis.cz\",\"description\":\"Spr\\u00e1va nemovitost\\u00ed Pardubice\",\"publisher\":{\"@id\":\"https:\/\/www.mimaservis.cz\/#organization\"},\"potentialAction\":[{\"@type\":\"SearchAction\",\"target\":\"https:\/\/www.mimaservis.cz\/?s={search_term_string}\",\"query-input\":\"required name=search_term_string\"}],\"inLanguage\":\"cs\"},{\"@type\":\"WebPage\",\"@id\":\"https:\/\/www.mimaservis.cz\/index.php\/ekonomicka-sprava\/#webpage\",\"url\":\"https:\/\/www.mimaservis.cz\/index.php\/ekonomicka-sprava\/\",\"name\":\"Ekonomick\\u00e1 spr\\u00e1va - www.mimaservis.cz Spr\\u00e1va nemovitost\\u00ed\",\"isPartOf\":{\"@id\":\"https:\/\/www.mimaservis.cz\/#website\"},\"datePublished\":\"2021-01-02T21:55:41+00:00\",\"dateModified\":\"2021-01-04T14:21:12+00:00\",\"description\":\"spr\\u00e1vce, spr\\u00e1va nemovitost\\u00ed , p\\u00e9\\u010de o nemovitost, real estate, property management , spr\\u00e1va byt\\u016f\",\"inLanguage\":\"cs\",\"potentialAction\":[{\"@type\":\"ReadAction\",\"target\":[\"https:\/\/www.mimaservis.cz\/index.php\/ekonomicka-sprava\/\"]}]}]}<\/script>\n<!-- \/ Yoast SEO plugin. -->","_links":{"self":[{"href":"https:\/\/www.mimaservis.cz\/index.php\/wp-json\/wp\/v2\/pages\/512"}],"collection":[{"href":"https:\/\/www.mimaservis.cz\/index.php\/wp-json\/wp\/v2\/pages"}],"about":[{"href":"https:\/\/www.mimaservis.cz\/index.php\/wp-json\/wp\/v2\/types\/page"}],"author":[{"embeddable":true,"href":"https:\/\/www.mimaservis.cz\/index.php\/wp-json\/wp\/v2\/users\/1"}],"replies":[{"embeddable":true,"href":"https:\/\/www.mimaservis.cz\/index.php\/wp-json\/wp\/v2\/comments?post=512"}],"version-history":[{"count":14,"href":"https:\/\/www.mimaservis.cz\/index.php\/wp-json\/wp\/v2\/pages\/512\/revisions"}],"predecessor-version":[{"id":635,"href":"https:\/\/www.mimaservis.cz\/index.php\/wp-json\/wp\/v2\/pages\/512\/revisions\/635"}],"wp:attachment":[{"href":"https:\/\/www.mimaservis.cz\/index.php\/wp-json\/wp\/v2\/media?parent=512"}],"curies":[{"name":"wp","href":"https:\/\/api.w.org\/{rel}","templated":true}]}}