{"id":514,"date":"2021-01-02T21:59:41","date_gmt":"2021-01-02T21:59:41","guid":{"rendered":"https:\/\/www.mimaservis.cz\/?page_id=514"},"modified":"2021-01-04T14:13:01","modified_gmt":"2021-01-04T14:13:01","slug":"elektronicka-sprava","status":"publish","type":"page","link":"https:\/\/www.mimaservis.cz\/index.php\/elektronicka-sprava\/","title":{"rendered":"Elektronick\u00e1 spr\u00e1va"},"content":{"rendered":"\n<h3>Obsahuje: <\/h3>\n\n\n\n<ul><li>Ekonomickou spr\u00e1vu domu <\/li><li>Administrativu spojenou se spr\u00e1vou domu.<\/li><li>\u00da\u010detn\u00ed slu\u017eby <\/li><li>P\u0159enos dat mezi klientem pomoc\u00ed cloudov\u00fdch slu\u017eeb.<\/li><\/ul>\n\n\n\n<p>Tato slu\u017eba je vhodn\u00e1 pro vzd\u00e1lenou spr\u00e1vu a\u0165 u\u017e z d\u016fvodu vzd\u00e1lenosti, pracovn\u00edho vyt\u00ed\u017een\u00ed nebo koronaviru. P\u0159ed\u00e1van\u00ed doklad\u016f je koncipov\u00e1no \u010dist\u011b elektronicky a komunikace pomoc\u00ed nap\u0159. emailu.  <\/p>\n\n\n\n<p>V\u00edce informac\u00ed naleznete n\u00ed\u017ee.<\/p>\n\n\n\n<div class=\"wp-block-buttons\">\n<div class=\"wp-block-button\"><a class=\"wp-block-button__link\" href=\"https:\/\/www.mimaservis.cz\/index.php\/ekonomicka-sprava-2\/\">Zjistit v\u00edce<\/a><\/div>\n\n\n\n<div class=\"wp-block-button\"><a class=\"wp-block-button__link\" href=\"https:\/\/www.mimaservis.cz\/index.php\/sprava-nemovitosti\/\">Chci nab\u00eddku<\/a><\/div>\n<\/div>\n","protected":false},"excerpt":{"rendered":"<p>Obsahuje: Ekonomickou spr\u00e1vu domu Administrativu spojenou se spr\u00e1vou domu. \u00da\u010detn\u00ed slu\u017eby P\u0159enos dat mezi klientem pomoc\u00ed cloudov\u00fdch slu\u017eeb. Tato slu\u017eba je vhodn\u00e1 pro vzd\u00e1lenou spr\u00e1vu a\u0165 u\u017e z d\u016fvodu vzd\u00e1lenosti, pracovn\u00edho vyt\u00ed\u017een\u00ed nebo koronaviru. P\u0159ed\u00e1van\u00ed doklad\u016f je koncipov\u00e1no \u010dist\u011b elektronicky a komunikace pomoc\u00ed nap\u0159. emailu. V\u00edce informac\u00ed naleznete n\u00ed\u017ee.<\/p>\n","protected":false},"author":1,"featured_media":0,"parent":0,"menu_order":0,"comment_status":"closed","ping_status":"closed","template":"","meta":[],"yoast_head":"<!-- This site is optimized with the Yoast SEO plugin v15.5 - https:\/\/yoast.com\/wordpress\/plugins\/seo\/ -->\n<title>Elektronick\u00e1 spr\u00e1va - www.mimaservis.cz Spr\u00e1va nemovitost\u00ed<\/title>\n<meta name=\"description\" content=\"spr\u00e1vce, spr\u00e1va nemovitost\u00ed , p\u00e9\u010de o nemovitost, real estate, property management , spr\u00e1va byt\u016f\" \/>\n<meta name=\"robots\" content=\"index, follow, max-snippet:-1, max-image-preview:large, max-video-preview:-1\" \/>\n<link rel=\"canonical\" href=\"https:\/\/www.mimaservis.cz\/index.php\/elektronicka-sprava\/\" \/>\n<meta property=\"og:locale\" content=\"cs_CZ\" \/>\n<meta property=\"og:type\" content=\"article\" \/>\n<meta property=\"og:title\" content=\"Elektronick\u00e1 spr\u00e1va - www.mimaservis.cz Spr\u00e1va nemovitost\u00ed\" \/>\n<meta property=\"og:description\" content=\"spr\u00e1vce, spr\u00e1va nemovitost\u00ed , p\u00e9\u010de o nemovitost, real estate, property management , spr\u00e1va byt\u016f\" \/>\n<meta property=\"og:url\" content=\"https:\/\/www.mimaservis.cz\/index.php\/elektronicka-sprava\/\" \/>\n<meta property=\"og:site_name\" content=\"www.mimaservis.cz\" \/>\n<meta property=\"article:publisher\" content=\"https:\/\/www.facebook.com\/groups\/155085831221921\/about\" \/>\n<meta property=\"article:modified_time\" content=\"2021-01-04T14:13:01+00:00\" \/>\n<meta name=\"twitter:card\" content=\"summary_large_image\" \/>\n<meta name=\"twitter:label1\" content=\"Odhadovan\u00e1 doba \u010dten\u00ed\">\n\t<meta name=\"twitter:data1\" content=\"0 minut\">\n<script type=\"application\/ld+json\" class=\"yoast-schema-graph\">{\"@context\":\"https:\/\/schema.org\",\"@graph\":[{\"@type\":\"Organization\",\"@id\":\"https:\/\/www.mimaservis.cz\/#organization\",\"name\":\"MIMASERVIS s.r.o.\",\"url\":\"https:\/\/www.mimaservis.cz\/\",\"sameAs\":[\"https:\/\/www.facebook.com\/groups\/155085831221921\/about\"],\"logo\":{\"@type\":\"ImageObject\",\"@id\":\"https:\/\/www.mimaservis.cz\/#logo\",\"inLanguage\":\"cs\",\"url\":\"https:\/\/www.mimaservis.cz\/wp-content\/uploads\/2020\/03\/cropped-Vizitka-logo.jpg\",\"width\":348,\"height\":94,\"caption\":\"MIMASERVIS s.r.o.\"},\"image\":{\"@id\":\"https:\/\/www.mimaservis.cz\/#logo\"}},{\"@type\":\"WebSite\",\"@id\":\"https:\/\/www.mimaservis.cz\/#website\",\"url\":\"https:\/\/www.mimaservis.cz\/\",\"name\":\"www.mimaservis.cz\",\"description\":\"Spr\\u00e1va nemovitost\\u00ed Pardubice\",\"publisher\":{\"@id\":\"https:\/\/www.mimaservis.cz\/#organization\"},\"potentialAction\":[{\"@type\":\"SearchAction\",\"target\":\"https:\/\/www.mimaservis.cz\/?s={search_term_string}\",\"query-input\":\"required name=search_term_string\"}],\"inLanguage\":\"cs\"},{\"@type\":\"WebPage\",\"@id\":\"https:\/\/www.mimaservis.cz\/index.php\/elektronicka-sprava\/#webpage\",\"url\":\"https:\/\/www.mimaservis.cz\/index.php\/elektronicka-sprava\/\",\"name\":\"Elektronick\\u00e1 spr\\u00e1va - www.mimaservis.cz Spr\\u00e1va nemovitost\\u00ed\",\"isPartOf\":{\"@id\":\"https:\/\/www.mimaservis.cz\/#website\"},\"datePublished\":\"2021-01-02T21:59:41+00:00\",\"dateModified\":\"2021-01-04T14:13:01+00:00\",\"description\":\"spr\\u00e1vce, spr\\u00e1va nemovitost\\u00ed , p\\u00e9\\u010de o nemovitost, real estate, property management , spr\\u00e1va byt\\u016f\",\"inLanguage\":\"cs\",\"potentialAction\":[{\"@type\":\"ReadAction\",\"target\":[\"https:\/\/www.mimaservis.cz\/index.php\/elektronicka-sprava\/\"]}]}]}<\/script>\n<!-- \/ Yoast SEO plugin. -->","_links":{"self":[{"href":"https:\/\/www.mimaservis.cz\/index.php\/wp-json\/wp\/v2\/pages\/514"}],"collection":[{"href":"https:\/\/www.mimaservis.cz\/index.php\/wp-json\/wp\/v2\/pages"}],"about":[{"href":"https:\/\/www.mimaservis.cz\/index.php\/wp-json\/wp\/v2\/types\/page"}],"author":[{"embeddable":true,"href":"https:\/\/www.mimaservis.cz\/index.php\/wp-json\/wp\/v2\/users\/1"}],"replies":[{"embeddable":true,"href":"https:\/\/www.mimaservis.cz\/index.php\/wp-json\/wp\/v2\/comments?post=514"}],"version-history":[{"count":8,"href":"https:\/\/www.mimaservis.cz\/index.php\/wp-json\/wp\/v2\/pages\/514\/revisions"}],"predecessor-version":[{"id":630,"href":"https:\/\/www.mimaservis.cz\/index.php\/wp-json\/wp\/v2\/pages\/514\/revisions\/630"}],"wp:attachment":[{"href":"https:\/\/www.mimaservis.cz\/index.php\/wp-json\/wp\/v2\/media?parent=514"}],"curies":[{"name":"wp","href":"https:\/\/api.w.org\/{rel}","templated":true}]}}