{"id":724,"date":"2022-11-28T08:23:43","date_gmt":"2022-11-28T08:23:43","guid":{"rendered":"https:\/\/www.mimaservis.cz\/?page_id=724"},"modified":"2023-01-16T09:53:46","modified_gmt":"2023-01-16T09:53:46","slug":"byt-21-51m2-benesovo-namesti-pardubice","status":"publish","type":"page","link":"https:\/\/www.mimaservis.cz\/index.php\/byt-21-51m2-benesovo-namesti-pardubice\/","title":{"rendered":"Prodej bytu 2+1 51 m\u00b2 Bene\u0161ovo n\u00e1m\u011bst\u00ed Pardubice Prod\u00e1no !"},"content":{"rendered":"\n<p>Exkluzivn\u011b nab\u00edz\u00edme k prodeji byt o dispozici 2+1 s balkonem, kter\u00fd se nach\u00e1z\u00ed v ulici Bene\u0161ovo n\u00e1m\u011bst\u00ed Pardubice ( m\u011bstsk\u00e1 \u010d\u00e1st Vi\u0161\u0148ovka). Byt je um\u00edst\u011bn ve t\u0159et\u00edm pat\u0159e zd\u011bn\u00e9ho bytov\u00e9ho domu. Okna z lo\u017enice a kuchyn\u011b jsou na severn\u00ed stranu a ob\u00fdvac\u00ed pokoj s balkonem na stranu ji\u017en\u00ed do vnitrobloku. Dispozice: kuchy\u0148, lo\u017enice, p\u0159eds\u00ed\u0148 , koupelna + samostatn\u00e1 toaleta, balkon, sklep. Podlahy modern\u00ed linoleum a v koupeln\u011b a wc dla\u017eba. V byt\u011b je nov\u00e1 v\u00fdmalba a je po v\u011bt\u0161\u00ed rekonstrukci ( koupelna, om\u00edtky v\u00fdm\u011bna podlah) Parkov\u00e1n\u00ed je mo\u017en\u00e9 u domu i z vnitrobloku zdarma, zde se tak\u00e9 nach\u00e1z\u00ed dostatek zelen\u011b. Ve\u0161ker\u00e1 ob\u010dansk\u00e1 vybavenost je v m\u00edst\u011b. supermarkety, z\u00e1kladn\u00ed \u0161kola, \u0161kolka, jesle i l\u00e9ka\u0159 v doch\u00e1zkov\u00e9 vzd\u00e1lenosti. Pro v\u00edce informac\u00ed n\u00e1s nev\u00e1hejte kontaktovat. Tel. 723428172 <\/p>\n\n\n\n<p>Cena: <\/p>\n\n\n\n<figure class=\"wp-block-image size-large\"><img loading=\"lazy\" width=\"1024\" height=\"461\" src=\"https:\/\/www.mimaservis.cz\/wp-content\/uploads\/2022\/11\/2-1024x461.jpg\" alt=\"\" class=\"wp-image-730\" srcset=\"https:\/\/www.mimaservis.cz\/wp-content\/uploads\/2022\/11\/2-1024x461.jpg 1024w, https:\/\/www.mimaservis.cz\/wp-content\/uploads\/2022\/11\/2-300x135.jpg 300w, https:\/\/www.mimaservis.cz\/wp-content\/uploads\/2022\/11\/2-768x346.jpg 768w, https:\/\/www.mimaservis.cz\/wp-content\/uploads\/2022\/11\/2-1536x692.jpg 1536w, https:\/\/www.mimaservis.cz\/wp-content\/uploads\/2022\/11\/2-2048x922.jpg 2048w\" sizes=\"(max-width: 1024px) 100vw, 1024px\" \/><\/figure>\n\n\n\n<figure class=\"wp-block-image size-large\"><img loading=\"lazy\" width=\"1024\" height=\"461\" src=\"https:\/\/www.mimaservis.cz\/wp-content\/uploads\/2022\/11\/3-1024x461.jpg\" alt=\"\" class=\"wp-image-731\" srcset=\"https:\/\/www.mimaservis.cz\/wp-content\/uploads\/2022\/11\/3-1024x461.jpg 1024w, https:\/\/www.mimaservis.cz\/wp-content\/uploads\/2022\/11\/3-300x135.jpg 300w, https:\/\/www.mimaservis.cz\/wp-content\/uploads\/2022\/11\/3-768x346.jpg 768w, https:\/\/www.mimaservis.cz\/wp-content\/uploads\/2022\/11\/3-1536x692.jpg 1536w, https:\/\/www.mimaservis.cz\/wp-content\/uploads\/2022\/11\/3-2048x922.jpg 2048w\" sizes=\"(max-width: 1024px) 100vw, 1024px\" \/><\/figure>\n\n\n\n<figure class=\"wp-block-image size-large\"><img loading=\"lazy\" width=\"1024\" height=\"461\" src=\"https:\/\/www.mimaservis.cz\/wp-content\/uploads\/2022\/11\/8-1024x461.jpg\" alt=\"\" class=\"wp-image-736\" srcset=\"https:\/\/www.mimaservis.cz\/wp-content\/uploads\/2022\/11\/8-1024x461.jpg 1024w, https:\/\/www.mimaservis.cz\/wp-content\/uploads\/2022\/11\/8-300x135.jpg 300w, https:\/\/www.mimaservis.cz\/wp-content\/uploads\/2022\/11\/8-768x346.jpg 768w, https:\/\/www.mimaservis.cz\/wp-content\/uploads\/2022\/11\/8-1536x692.jpg 1536w, https:\/\/www.mimaservis.cz\/wp-content\/uploads\/2022\/11\/8-2048x922.jpg 2048w\" sizes=\"(max-width: 1024px) 100vw, 1024px\" \/><\/figure>\n\n\n\n<figure class=\"wp-block-image size-large\"><img loading=\"lazy\" width=\"1024\" height=\"461\" src=\"https:\/\/www.mimaservis.cz\/wp-content\/uploads\/2022\/11\/10-1024x461.jpg\" alt=\"\" class=\"wp-image-738\" srcset=\"https:\/\/www.mimaservis.cz\/wp-content\/uploads\/2022\/11\/10-1024x461.jpg 1024w, https:\/\/www.mimaservis.cz\/wp-content\/uploads\/2022\/11\/10-300x135.jpg 300w, https:\/\/www.mimaservis.cz\/wp-content\/uploads\/2022\/11\/10-768x346.jpg 768w, https:\/\/www.mimaservis.cz\/wp-content\/uploads\/2022\/11\/10-1536x692.jpg 1536w, https:\/\/www.mimaservis.cz\/wp-content\/uploads\/2022\/11\/10-2048x922.jpg 2048w\" sizes=\"(max-width: 1024px) 100vw, 1024px\" \/><\/figure>\n\n\n\n<figure class=\"wp-block-image size-large\"><img loading=\"lazy\" width=\"1024\" height=\"461\" src=\"https:\/\/www.mimaservis.cz\/wp-content\/uploads\/2022\/11\/5-1024x461.jpg\" alt=\"\" class=\"wp-image-733\" srcset=\"https:\/\/www.mimaservis.cz\/wp-content\/uploads\/2022\/11\/5-1024x461.jpg 1024w, https:\/\/www.mimaservis.cz\/wp-content\/uploads\/2022\/11\/5-300x135.jpg 300w, https:\/\/www.mimaservis.cz\/wp-content\/uploads\/2022\/11\/5-768x346.jpg 768w, https:\/\/www.mimaservis.cz\/wp-content\/uploads\/2022\/11\/5-1536x692.jpg 1536w, https:\/\/www.mimaservis.cz\/wp-content\/uploads\/2022\/11\/5-2048x922.jpg 2048w\" sizes=\"(max-width: 1024px) 100vw, 1024px\" \/><\/figure>\n\n\n\n<figure class=\"wp-block-image size-large\"><img loading=\"lazy\" width=\"1024\" height=\"461\" src=\"https:\/\/www.mimaservis.cz\/wp-content\/uploads\/2022\/11\/11-1024x461.jpg\" alt=\"\" class=\"wp-image-739\" srcset=\"https:\/\/www.mimaservis.cz\/wp-content\/uploads\/2022\/11\/11-1024x461.jpg 1024w, https:\/\/www.mimaservis.cz\/wp-content\/uploads\/2022\/11\/11-300x135.jpg 300w, https:\/\/www.mimaservis.cz\/wp-content\/uploads\/2022\/11\/11-768x346.jpg 768w, https:\/\/www.mimaservis.cz\/wp-content\/uploads\/2022\/11\/11-1536x692.jpg 1536w, https:\/\/www.mimaservis.cz\/wp-content\/uploads\/2022\/11\/11-2048x922.jpg 2048w\" sizes=\"(max-width: 1024px) 100vw, 1024px\" \/><\/figure>\n\n\n\n<figure class=\"wp-block-image size-large\"><img loading=\"lazy\" width=\"1024\" height=\"461\" src=\"https:\/\/www.mimaservis.cz\/wp-content\/uploads\/2022\/11\/7-1024x461.jpg\" alt=\"\" class=\"wp-image-735\" srcset=\"https:\/\/www.mimaservis.cz\/wp-content\/uploads\/2022\/11\/7-1024x461.jpg 1024w, https:\/\/www.mimaservis.cz\/wp-content\/uploads\/2022\/11\/7-300x135.jpg 300w, https:\/\/www.mimaservis.cz\/wp-content\/uploads\/2022\/11\/7-768x346.jpg 768w, https:\/\/www.mimaservis.cz\/wp-content\/uploads\/2022\/11\/7-1536x692.jpg 1536w, https:\/\/www.mimaservis.cz\/wp-content\/uploads\/2022\/11\/7-2048x922.jpg 2048w\" sizes=\"(max-width: 1024px) 100vw, 1024px\" \/><\/figure>\n\n\n\n<figure class=\"wp-block-gallery columns-3 is-cropped\"><ul class=\"blocks-gallery-grid\"><li class=\"blocks-gallery-item\"><figure><img loading=\"lazy\" width=\"1024\" height=\"461\" src=\"https:\/\/www.mimaservis.cz\/wp-content\/uploads\/2022\/11\/2-1024x461.jpg\" alt=\"\" data-id=\"730\" data-full-url=\"https:\/\/www.mimaservis.cz\/wp-content\/uploads\/2022\/11\/2-scaled.jpg\" data-link=\"https:\/\/www.mimaservis.cz\/2\/\" class=\"wp-image-730\" srcset=\"https:\/\/www.mimaservis.cz\/wp-content\/uploads\/2022\/11\/2-1024x461.jpg 1024w, https:\/\/www.mimaservis.cz\/wp-content\/uploads\/2022\/11\/2-300x135.jpg 300w, https:\/\/www.mimaservis.cz\/wp-content\/uploads\/2022\/11\/2-768x346.jpg 768w, https:\/\/www.mimaservis.cz\/wp-content\/uploads\/2022\/11\/2-1536x692.jpg 1536w, https:\/\/www.mimaservis.cz\/wp-content\/uploads\/2022\/11\/2-2048x922.jpg 2048w\" sizes=\"(max-width: 1024px) 100vw, 1024px\" \/><\/figure><\/li><li class=\"blocks-gallery-item\"><figure><img loading=\"lazy\" width=\"1024\" height=\"461\" src=\"https:\/\/www.mimaservis.cz\/wp-content\/uploads\/2022\/11\/1-1024x461.jpg\" alt=\"\" data-id=\"729\" data-full-url=\"https:\/\/www.mimaservis.cz\/wp-content\/uploads\/2022\/11\/1-scaled.jpg\" data-link=\"https:\/\/www.mimaservis.cz\/1\/\" class=\"wp-image-729\" srcset=\"https:\/\/www.mimaservis.cz\/wp-content\/uploads\/2022\/11\/1-1024x461.jpg 1024w, https:\/\/www.mimaservis.cz\/wp-content\/uploads\/2022\/11\/1-300x135.jpg 300w, https:\/\/www.mimaservis.cz\/wp-content\/uploads\/2022\/11\/1-768x346.jpg 768w, https:\/\/www.mimaservis.cz\/wp-content\/uploads\/2022\/11\/1-1536x692.jpg 1536w, https:\/\/www.mimaservis.cz\/wp-content\/uploads\/2022\/11\/1-2048x922.jpg 2048w\" sizes=\"(max-width: 1024px) 100vw, 1024px\" \/><\/figure><\/li><li class=\"blocks-gallery-item\"><figure><img loading=\"lazy\" width=\"1024\" height=\"461\" src=\"https:\/\/www.mimaservis.cz\/wp-content\/uploads\/2022\/11\/3-1024x461.jpg\" alt=\"\" data-id=\"731\" data-full-url=\"https:\/\/www.mimaservis.cz\/wp-content\/uploads\/2022\/11\/3-scaled.jpg\" data-link=\"https:\/\/www.mimaservis.cz\/3\/\" class=\"wp-image-731\" srcset=\"https:\/\/www.mimaservis.cz\/wp-content\/uploads\/2022\/11\/3-1024x461.jpg 1024w, https:\/\/www.mimaservis.cz\/wp-content\/uploads\/2022\/11\/3-300x135.jpg 300w, https:\/\/www.mimaservis.cz\/wp-content\/uploads\/2022\/11\/3-768x346.jpg 768w, https:\/\/www.mimaservis.cz\/wp-content\/uploads\/2022\/11\/3-1536x692.jpg 1536w, https:\/\/www.mimaservis.cz\/wp-content\/uploads\/2022\/11\/3-2048x922.jpg 2048w\" sizes=\"(max-width: 1024px) 100vw, 1024px\" \/><\/figure><\/li><li class=\"blocks-gallery-item\"><figure><img loading=\"lazy\" width=\"1024\" height=\"461\" src=\"https:\/\/www.mimaservis.cz\/wp-content\/uploads\/2022\/11\/4-1024x461.jpg\" alt=\"\" data-id=\"732\" data-full-url=\"https:\/\/www.mimaservis.cz\/wp-content\/uploads\/2022\/11\/4-scaled.jpg\" data-link=\"https:\/\/www.mimaservis.cz\/4\/\" class=\"wp-image-732\" srcset=\"https:\/\/www.mimaservis.cz\/wp-content\/uploads\/2022\/11\/4-1024x461.jpg 1024w, https:\/\/www.mimaservis.cz\/wp-content\/uploads\/2022\/11\/4-300x135.jpg 300w, https:\/\/www.mimaservis.cz\/wp-content\/uploads\/2022\/11\/4-768x346.jpg 768w, https:\/\/www.mimaservis.cz\/wp-content\/uploads\/2022\/11\/4-1536x692.jpg 1536w, https:\/\/www.mimaservis.cz\/wp-content\/uploads\/2022\/11\/4-2048x922.jpg 2048w\" sizes=\"(max-width: 1024px) 100vw, 1024px\" \/><\/figure><\/li><li class=\"blocks-gallery-item\"><figure><img loading=\"lazy\" width=\"1024\" height=\"461\" src=\"https:\/\/www.mimaservis.cz\/wp-content\/uploads\/2022\/11\/5-1024x461.jpg\" alt=\"\" data-id=\"733\" data-full-url=\"https:\/\/www.mimaservis.cz\/wp-content\/uploads\/2022\/11\/5-scaled.jpg\" data-link=\"https:\/\/www.mimaservis.cz\/5\/\" class=\"wp-image-733\" srcset=\"https:\/\/www.mimaservis.cz\/wp-content\/uploads\/2022\/11\/5-1024x461.jpg 1024w, https:\/\/www.mimaservis.cz\/wp-content\/uploads\/2022\/11\/5-300x135.jpg 300w, https:\/\/www.mimaservis.cz\/wp-content\/uploads\/2022\/11\/5-768x346.jpg 768w, https:\/\/www.mimaservis.cz\/wp-content\/uploads\/2022\/11\/5-1536x692.jpg 1536w, https:\/\/www.mimaservis.cz\/wp-content\/uploads\/2022\/11\/5-2048x922.jpg 2048w\" sizes=\"(max-width: 1024px) 100vw, 1024px\" \/><\/figure><\/li><li class=\"blocks-gallery-item\"><figure><img loading=\"lazy\" width=\"1024\" height=\"461\" src=\"https:\/\/www.mimaservis.cz\/wp-content\/uploads\/2022\/11\/6-1024x461.jpg\" alt=\"\" data-id=\"734\" data-full-url=\"https:\/\/www.mimaservis.cz\/wp-content\/uploads\/2022\/11\/6-scaled.jpg\" data-link=\"https:\/\/www.mimaservis.cz\/6\/\" class=\"wp-image-734\" srcset=\"https:\/\/www.mimaservis.cz\/wp-content\/uploads\/2022\/11\/6-1024x461.jpg 1024w, https:\/\/www.mimaservis.cz\/wp-content\/uploads\/2022\/11\/6-300x135.jpg 300w, https:\/\/www.mimaservis.cz\/wp-content\/uploads\/2022\/11\/6-768x346.jpg 768w, https:\/\/www.mimaservis.cz\/wp-content\/uploads\/2022\/11\/6-1536x692.jpg 1536w, https:\/\/www.mimaservis.cz\/wp-content\/uploads\/2022\/11\/6-2048x922.jpg 2048w\" sizes=\"(max-width: 1024px) 100vw, 1024px\" \/><\/figure><\/li><li class=\"blocks-gallery-item\"><figure><img loading=\"lazy\" width=\"1024\" height=\"461\" src=\"https:\/\/www.mimaservis.cz\/wp-content\/uploads\/2022\/11\/7-1024x461.jpg\" alt=\"\" data-id=\"735\" data-full-url=\"https:\/\/www.mimaservis.cz\/wp-content\/uploads\/2022\/11\/7-scaled.jpg\" data-link=\"https:\/\/www.mimaservis.cz\/7\/\" class=\"wp-image-735\" srcset=\"https:\/\/www.mimaservis.cz\/wp-content\/uploads\/2022\/11\/7-1024x461.jpg 1024w, https:\/\/www.mimaservis.cz\/wp-content\/uploads\/2022\/11\/7-300x135.jpg 300w, https:\/\/www.mimaservis.cz\/wp-content\/uploads\/2022\/11\/7-768x346.jpg 768w, https:\/\/www.mimaservis.cz\/wp-content\/uploads\/2022\/11\/7-1536x692.jpg 1536w, https:\/\/www.mimaservis.cz\/wp-content\/uploads\/2022\/11\/7-2048x922.jpg 2048w\" sizes=\"(max-width: 1024px) 100vw, 1024px\" \/><\/figure><\/li><li class=\"blocks-gallery-item\"><figure><img loading=\"lazy\" width=\"1024\" height=\"461\" src=\"https:\/\/www.mimaservis.cz\/wp-content\/uploads\/2022\/11\/8-1024x461.jpg\" alt=\"\" data-id=\"736\" data-full-url=\"https:\/\/www.mimaservis.cz\/wp-content\/uploads\/2022\/11\/8-scaled.jpg\" data-link=\"https:\/\/www.mimaservis.cz\/8\/\" class=\"wp-image-736\" srcset=\"https:\/\/www.mimaservis.cz\/wp-content\/uploads\/2022\/11\/8-1024x461.jpg 1024w, https:\/\/www.mimaservis.cz\/wp-content\/uploads\/2022\/11\/8-300x135.jpg 300w, https:\/\/www.mimaservis.cz\/wp-content\/uploads\/2022\/11\/8-768x346.jpg 768w, https:\/\/www.mimaservis.cz\/wp-content\/uploads\/2022\/11\/8-1536x692.jpg 1536w, https:\/\/www.mimaservis.cz\/wp-content\/uploads\/2022\/11\/8-2048x922.jpg 2048w\" sizes=\"(max-width: 1024px) 100vw, 1024px\" \/><\/figure><\/li><li class=\"blocks-gallery-item\"><figure><img loading=\"lazy\" width=\"1024\" height=\"461\" src=\"https:\/\/www.mimaservis.cz\/wp-content\/uploads\/2022\/11\/9-1024x461.jpg\" alt=\"\" data-id=\"737\" data-full-url=\"https:\/\/www.mimaservis.cz\/wp-content\/uploads\/2022\/11\/9-scaled.jpg\" data-link=\"https:\/\/www.mimaservis.cz\/9\/\" class=\"wp-image-737\" srcset=\"https:\/\/www.mimaservis.cz\/wp-content\/uploads\/2022\/11\/9-1024x461.jpg 1024w, https:\/\/www.mimaservis.cz\/wp-content\/uploads\/2022\/11\/9-300x135.jpg 300w, https:\/\/www.mimaservis.cz\/wp-content\/uploads\/2022\/11\/9-768x346.jpg 768w, https:\/\/www.mimaservis.cz\/wp-content\/uploads\/2022\/11\/9-1536x692.jpg 1536w, https:\/\/www.mimaservis.cz\/wp-content\/uploads\/2022\/11\/9-2048x922.jpg 2048w\" sizes=\"(max-width: 1024px) 100vw, 1024px\" \/><\/figure><\/li><li class=\"blocks-gallery-item\"><figure><img loading=\"lazy\" width=\"1024\" height=\"461\" src=\"https:\/\/www.mimaservis.cz\/wp-content\/uploads\/2022\/11\/10-1024x461.jpg\" alt=\"\" data-id=\"738\" data-full-url=\"https:\/\/www.mimaservis.cz\/wp-content\/uploads\/2022\/11\/10-scaled.jpg\" data-link=\"https:\/\/www.mimaservis.cz\/10\/\" class=\"wp-image-738\" srcset=\"https:\/\/www.mimaservis.cz\/wp-content\/uploads\/2022\/11\/10-1024x461.jpg 1024w, https:\/\/www.mimaservis.cz\/wp-content\/uploads\/2022\/11\/10-300x135.jpg 300w, https:\/\/www.mimaservis.cz\/wp-content\/uploads\/2022\/11\/10-768x346.jpg 768w, https:\/\/www.mimaservis.cz\/wp-content\/uploads\/2022\/11\/10-1536x692.jpg 1536w, https:\/\/www.mimaservis.cz\/wp-content\/uploads\/2022\/11\/10-2048x922.jpg 2048w\" sizes=\"(max-width: 1024px) 100vw, 1024px\" \/><\/figure><\/li><li class=\"blocks-gallery-item\"><figure><img loading=\"lazy\" width=\"1024\" height=\"461\" src=\"https:\/\/www.mimaservis.cz\/wp-content\/uploads\/2022\/11\/11-1024x461.jpg\" alt=\"\" data-id=\"739\" data-full-url=\"https:\/\/www.mimaservis.cz\/wp-content\/uploads\/2022\/11\/11-scaled.jpg\" data-link=\"https:\/\/www.mimaservis.cz\/11\/\" class=\"wp-image-739\" srcset=\"https:\/\/www.mimaservis.cz\/wp-content\/uploads\/2022\/11\/11-1024x461.jpg 1024w, https:\/\/www.mimaservis.cz\/wp-content\/uploads\/2022\/11\/11-300x135.jpg 300w, https:\/\/www.mimaservis.cz\/wp-content\/uploads\/2022\/11\/11-768x346.jpg 768w, https:\/\/www.mimaservis.cz\/wp-content\/uploads\/2022\/11\/11-1536x692.jpg 1536w, https:\/\/www.mimaservis.cz\/wp-content\/uploads\/2022\/11\/11-2048x922.jpg 2048w\" sizes=\"(max-width: 1024px) 100vw, 1024px\" \/><\/figure><\/li><li class=\"blocks-gallery-item\"><figure><img loading=\"lazy\" width=\"1024\" height=\"461\" src=\"https:\/\/www.mimaservis.cz\/wp-content\/uploads\/2022\/11\/12-1024x461.jpg\" alt=\"\" data-id=\"740\" data-full-url=\"https:\/\/www.mimaservis.cz\/wp-content\/uploads\/2022\/11\/12-scaled.jpg\" data-link=\"https:\/\/www.mimaservis.cz\/12\/\" class=\"wp-image-740\" srcset=\"https:\/\/www.mimaservis.cz\/wp-content\/uploads\/2022\/11\/12-1024x461.jpg 1024w, https:\/\/www.mimaservis.cz\/wp-content\/uploads\/2022\/11\/12-300x135.jpg 300w, https:\/\/www.mimaservis.cz\/wp-content\/uploads\/2022\/11\/12-768x346.jpg 768w, https:\/\/www.mimaservis.cz\/wp-content\/uploads\/2022\/11\/12-1536x692.jpg 1536w, https:\/\/www.mimaservis.cz\/wp-content\/uploads\/2022\/11\/12-2048x922.jpg 2048w\" sizes=\"(max-width: 1024px) 100vw, 1024px\" \/><\/figure><\/li><li class=\"blocks-gallery-item\"><figure><img loading=\"lazy\" width=\"1024\" height=\"461\" src=\"https:\/\/www.mimaservis.cz\/wp-content\/uploads\/2022\/11\/20221104_095150-1024x461.jpg\" alt=\"\" data-id=\"741\" data-full-url=\"https:\/\/www.mimaservis.cz\/wp-content\/uploads\/2022\/11\/20221104_095150-scaled.jpg\" data-link=\"https:\/\/www.mimaservis.cz\/20221104_095150\/\" class=\"wp-image-741\" srcset=\"https:\/\/www.mimaservis.cz\/wp-content\/uploads\/2022\/11\/20221104_095150-1024x461.jpg 1024w, https:\/\/www.mimaservis.cz\/wp-content\/uploads\/2022\/11\/20221104_095150-300x135.jpg 300w, https:\/\/www.mimaservis.cz\/wp-content\/uploads\/2022\/11\/20221104_095150-768x346.jpg 768w, https:\/\/www.mimaservis.cz\/wp-content\/uploads\/2022\/11\/20221104_095150-1536x692.jpg 1536w, https:\/\/www.mimaservis.cz\/wp-content\/uploads\/2022\/11\/20221104_095150-2048x922.jpg 2048w\" sizes=\"(max-width: 1024px) 100vw, 1024px\" \/><\/figure><\/li><li class=\"blocks-gallery-item\"><figure><img loading=\"lazy\" width=\"1024\" height=\"461\" src=\"https:\/\/www.mimaservis.cz\/wp-content\/uploads\/2022\/11\/20221104_101003-1024x461.jpg\" alt=\"\" data-id=\"742\" data-full-url=\"https:\/\/www.mimaservis.cz\/wp-content\/uploads\/2022\/11\/20221104_101003-scaled.jpg\" data-link=\"https:\/\/www.mimaservis.cz\/20221104_101003\/\" class=\"wp-image-742\" srcset=\"https:\/\/www.mimaservis.cz\/wp-content\/uploads\/2022\/11\/20221104_101003-1024x461.jpg 1024w, https:\/\/www.mimaservis.cz\/wp-content\/uploads\/2022\/11\/20221104_101003-300x135.jpg 300w, https:\/\/www.mimaservis.cz\/wp-content\/uploads\/2022\/11\/20221104_101003-768x346.jpg 768w, https:\/\/www.mimaservis.cz\/wp-content\/uploads\/2022\/11\/20221104_101003-1536x692.jpg 1536w, https:\/\/www.mimaservis.cz\/wp-content\/uploads\/2022\/11\/20221104_101003-2048x922.jpg 2048w\" sizes=\"(max-width: 1024px) 100vw, 1024px\" \/><\/figure><\/li><\/ul><\/figure>\n","protected":false},"excerpt":{"rendered":"<p>Exkluzivn\u011b nab\u00edz\u00edme k prodeji byt o dispozici 2+1 s balkonem, kter\u00fd se nach\u00e1z\u00ed v ulici Bene\u0161ovo n\u00e1m\u011bst\u00ed Pardubice ( m\u011bstsk\u00e1 \u010d\u00e1st Vi\u0161\u0148ovka). Byt je um\u00edst\u011bn ve t\u0159et\u00edm pat\u0159e zd\u011bn\u00e9ho bytov\u00e9ho domu. Okna z lo\u017enice a kuchyn\u011b jsou na severn\u00ed stranu a ob\u00fdvac\u00ed pokoj s balkonem na stranu ji\u017en\u00ed do vnitrobloku. Dispozice: kuchy\u0148, lo\u017enice, p\u0159eds\u00ed\u0148 , <a class=\"more-link\" href=\"https:\/\/www.mimaservis.cz\/index.php\/byt-21-51m2-benesovo-namesti-pardubice\/\">\u010c\u00edst v\u00edce&#8230;<\/a><\/p>\n","protected":false},"author":1,"featured_media":0,"parent":0,"menu_order":0,"comment_status":"closed","ping_status":"closed","template":"","meta":[],"yoast_head":"<!-- This site is optimized with the Yoast SEO plugin v15.5 - https:\/\/yoast.com\/wordpress\/plugins\/seo\/ -->\n<title>Prodej bytu 2+1 51 m\u00b2 Bene\u0161ovo n\u00e1m\u011bst\u00ed Pardubice Prod\u00e1no ! - www.mimaservis.cz Spr\u00e1va nemovitost\u00ed<\/title>\n<meta name=\"description\" content=\"spr\u00e1vce, spr\u00e1va nemovitost\u00ed , p\u00e9\u010de o nemovitost, real estate, property management , spr\u00e1va byt\u016f\" \/>\n<meta name=\"robots\" content=\"index, follow, max-snippet:-1, max-image-preview:large, max-video-preview:-1\" \/>\n<link rel=\"canonical\" href=\"https:\/\/www.mimaservis.cz\/index.php\/byt-21-51m2-benesovo-namesti-pardubice\/\" \/>\n<meta property=\"og:locale\" content=\"cs_CZ\" \/>\n<meta property=\"og:type\" content=\"article\" \/>\n<meta property=\"og:title\" content=\"Prodej bytu 2+1 51 m\u00b2 Bene\u0161ovo n\u00e1m\u011bst\u00ed Pardubice Prod\u00e1no ! - www.mimaservis.cz Spr\u00e1va nemovitost\u00ed\" \/>\n<meta property=\"og:description\" content=\"spr\u00e1vce, spr\u00e1va nemovitost\u00ed , p\u00e9\u010de o nemovitost, real estate, property management , spr\u00e1va byt\u016f\" \/>\n<meta property=\"og:url\" content=\"https:\/\/www.mimaservis.cz\/index.php\/byt-21-51m2-benesovo-namesti-pardubice\/\" \/>\n<meta property=\"og:site_name\" content=\"www.mimaservis.cz\" \/>\n<meta property=\"article:publisher\" content=\"https:\/\/www.facebook.com\/groups\/155085831221921\/about\" \/>\n<meta property=\"article:modified_time\" content=\"2023-01-16T09:53:46+00:00\" \/>\n<meta property=\"og:image\" content=\"https:\/\/www.mimaservis.cz\/wp-content\/uploads\/2022\/11\/2-1024x461.jpg\" \/>\n<meta name=\"twitter:card\" content=\"summary_large_image\" \/>\n<meta name=\"twitter:label1\" content=\"Odhadovan\u00e1 doba \u010dten\u00ed\">\n\t<meta name=\"twitter:data1\" content=\"1 minuta\">\n<script type=\"application\/ld+json\" class=\"yoast-schema-graph\">{\"@context\":\"https:\/\/schema.org\",\"@graph\":[{\"@type\":\"Organization\",\"@id\":\"https:\/\/www.mimaservis.cz\/#organization\",\"name\":\"MIMASERVIS s.r.o.\",\"url\":\"https:\/\/www.mimaservis.cz\/\",\"sameAs\":[\"https:\/\/www.facebook.com\/groups\/155085831221921\/about\"],\"logo\":{\"@type\":\"ImageObject\",\"@id\":\"https:\/\/www.mimaservis.cz\/#logo\",\"inLanguage\":\"cs\",\"url\":\"https:\/\/www.mimaservis.cz\/wp-content\/uploads\/2020\/03\/cropped-Vizitka-logo.jpg\",\"width\":348,\"height\":94,\"caption\":\"MIMASERVIS s.r.o.\"},\"image\":{\"@id\":\"https:\/\/www.mimaservis.cz\/#logo\"}},{\"@type\":\"WebSite\",\"@id\":\"https:\/\/www.mimaservis.cz\/#website\",\"url\":\"https:\/\/www.mimaservis.cz\/\",\"name\":\"www.mimaservis.cz\",\"description\":\"Spr\\u00e1va nemovitost\\u00ed Pardubice\",\"publisher\":{\"@id\":\"https:\/\/www.mimaservis.cz\/#organization\"},\"potentialAction\":[{\"@type\":\"SearchAction\",\"target\":\"https:\/\/www.mimaservis.cz\/?s={search_term_string}\",\"query-input\":\"required name=search_term_string\"}],\"inLanguage\":\"cs\"},{\"@type\":\"ImageObject\",\"@id\":\"https:\/\/www.mimaservis.cz\/index.php\/byt-21-51m2-benesovo-namesti-pardubice\/#primaryimage\",\"inLanguage\":\"cs\",\"url\":\"https:\/\/www.mimaservis.cz\/wp-content\/uploads\/2022\/11\/2-1024x461.jpg\"},{\"@type\":\"WebPage\",\"@id\":\"https:\/\/www.mimaservis.cz\/index.php\/byt-21-51m2-benesovo-namesti-pardubice\/#webpage\",\"url\":\"https:\/\/www.mimaservis.cz\/index.php\/byt-21-51m2-benesovo-namesti-pardubice\/\",\"name\":\"Prodej bytu 2+1 51 m\\u00b2 Bene\\u0161ovo n\\u00e1m\\u011bst\\u00ed Pardubice Prod\\u00e1no ! - www.mimaservis.cz Spr\\u00e1va nemovitost\\u00ed\",\"isPartOf\":{\"@id\":\"https:\/\/www.mimaservis.cz\/#website\"},\"primaryImageOfPage\":{\"@id\":\"https:\/\/www.mimaservis.cz\/index.php\/byt-21-51m2-benesovo-namesti-pardubice\/#primaryimage\"},\"datePublished\":\"2022-11-28T08:23:43+00:00\",\"dateModified\":\"2023-01-16T09:53:46+00:00\",\"description\":\"spr\\u00e1vce, spr\\u00e1va nemovitost\\u00ed , p\\u00e9\\u010de o nemovitost, real estate, property management , spr\\u00e1va byt\\u016f\",\"inLanguage\":\"cs\",\"potentialAction\":[{\"@type\":\"ReadAction\",\"target\":[\"https:\/\/www.mimaservis.cz\/index.php\/byt-21-51m2-benesovo-namesti-pardubice\/\"]}]}]}<\/script>\n<!-- \/ Yoast SEO plugin. -->","_links":{"self":[{"href":"https:\/\/www.mimaservis.cz\/index.php\/wp-json\/wp\/v2\/pages\/724"}],"collection":[{"href":"https:\/\/www.mimaservis.cz\/index.php\/wp-json\/wp\/v2\/pages"}],"about":[{"href":"https:\/\/www.mimaservis.cz\/index.php\/wp-json\/wp\/v2\/types\/page"}],"author":[{"embeddable":true,"href":"https:\/\/www.mimaservis.cz\/index.php\/wp-json\/wp\/v2\/users\/1"}],"replies":[{"embeddable":true,"href":"https:\/\/www.mimaservis.cz\/index.php\/wp-json\/wp\/v2\/comments?post=724"}],"version-history":[{"count":13,"href":"https:\/\/www.mimaservis.cz\/index.php\/wp-json\/wp\/v2\/pages\/724\/revisions"}],"predecessor-version":[{"id":778,"href":"https:\/\/www.mimaservis.cz\/index.php\/wp-json\/wp\/v2\/pages\/724\/revisions\/778"}],"wp:attachment":[{"href":"https:\/\/www.mimaservis.cz\/index.php\/wp-json\/wp\/v2\/media?parent=724"}],"curies":[{"name":"wp","href":"https:\/\/api.w.org\/{rel}","templated":true}]}}