{"id":81,"date":"2020-03-15T17:40:02","date_gmt":"2020-03-15T17:40:02","guid":{"rendered":"http:\/\/www.mimaservis.eu\/?page_id=81"},"modified":"2024-09-23T13:32:44","modified_gmt":"2024-09-23T13:32:44","slug":"o-nas","status":"publish","type":"page","link":"https:\/\/www.mimaservis.cz\/","title":{"rendered":""},"content":{"rendered":"\n<div class=\"wp-block-group\"><div class=\"wp-block-group__inner-container\">\n<p class=\"has-text-align-center has-very-light-gray-color has-very-dark-gray-background-color has-text-color has-background\" style=\"font-size:21px\">                        <strong>Zalo\u017eeno v roce 1993<\/strong><\/p>\n\n\n\n<div class=\"wp-block-group mima-servis-o-nas\"><div class=\"wp-block-group__inner-container\">\n<p>Od roku 1993  se zab\u00fdv\u00e1me spr\u00e1vou objekt\u016f s bytov\u00fdmi a nebytov\u00fdmi prostorami. Spr\u00e1va obecn\u00edch nemovitost\u00ed a pod\u00edl na \u00fasp\u011b\u0161n\u00e9 privatizaci obecn\u00edch byt\u016f v Pardubic\u00edch, n\u00e1sledn\u00e1 spr\u00e1va privatizovan\u00fdch nemovitost\u00ed dosud. V P\u0159elou\u010di od roku 2006 pod\u00edl na dokon\u010den\u00ed privatizace obecn\u00edch byt\u016f a n\u00e1sledn\u00e1 spr\u00e1va privatizovan\u00fdch nemovitost\u00ed dosud. Nab\u00edz\u00edme komplexn\u00ed servis spr\u00e1vy nemovitost\u00ed, pro vlastn\u00edky nemovitost\u00ed v\u010detn\u011b jednotliv\u00fdch vlastn\u00edk\u016f byt\u016f, spole\u010denstv\u00ed vlastn\u00edk\u016f, dru\u017estva, podniky, atd.. Um\u00edme poskytnout servis spr\u00e1vy nemovitost\u00ed, pro vlastn\u00edky \u017eij\u00edc\u00ed mimo \u010cR v E\u00da, USA, Austr\u00e1lie. Zajist\u00edme realitn\u00ed slu\u017eby prodej, koup\u011b, pron\u00e1jem, v\u00fdm\u011bny, podklady k nemovitostem, pro d\u011bdick\u00e1 \u0159\u00edzen\u00ed, atd.. <\/p>\n\n\n\n<p><strong>I\u010cO: 49282816 se s\u00eddlem Pardubice Bro\u017e\u00edkova 424 PS\u010c 53009<\/strong>  <\/p>\n\n\n\n<h3 id=\"block-8d26cd86-1ac1-4e39-b668-392fc41a0a3e\"><strong>Provozovna:  <\/strong><\/h3>\n\n\n\n<div class=\"wp-block-media-text alignwide is-stacked-on-mobile\" style=\"grid-template-columns:51% auto\"><figure class=\"wp-block-media-text__media\"><img loading=\"lazy\" width=\"1024\" height=\"573\" src=\"https:\/\/www.mimaservis.cz\/wp-content\/uploads\/2021\/04\/IMG_0001-e1617611790880-1024x573.jpg\" alt=\"\" class=\"wp-image-680 size-full\" srcset=\"https:\/\/www.mimaservis.cz\/wp-content\/uploads\/2021\/04\/IMG_0001-e1617611790880-1024x573.jpg 1024w, https:\/\/www.mimaservis.cz\/wp-content\/uploads\/2021\/04\/IMG_0001-e1617611790880-300x168.jpg 300w, https:\/\/www.mimaservis.cz\/wp-content\/uploads\/2021\/04\/IMG_0001-e1617611790880-768x430.jpg 768w, https:\/\/www.mimaservis.cz\/wp-content\/uploads\/2021\/04\/IMG_0001-e1617611790880-1536x860.jpg 1536w, https:\/\/www.mimaservis.cz\/wp-content\/uploads\/2021\/04\/IMG_0001-e1617611790880.jpg 1600w\" sizes=\"(max-width: 1024px) 100vw, 1024px\" \/><\/figure><div class=\"wp-block-media-text__content\">\n<p style=\"font-size:17px\"><strong>Pardubice Hronovick\u00e1 1039 <\/strong><\/p>\n\n\n\n<p style=\"font-size:17px\"><strong>Tel: 466 613 005, 602 186 015<\/strong>  <strong>info@mimaservis.cz<\/strong> <strong>evidence@mimaservis.cz<\/strong><\/p>\n<\/div><\/div>\n\n\n\n<p><\/p>\n\n\n\n<p>\u00da\u0159edn\u00ed hodiny: Pond\u011bl\u00ed a St\u0159eda 8:00 &#8211; 17:00 <\/p>\n\n\n\n<hr class=\"wp-block-separator\"\/>\n\n\n\n<div class=\"wp-block-media-text alignwide is-stacked-on-mobile\"><figure class=\"wp-block-media-text__media\"><img loading=\"lazy\" width=\"510\" height=\"372\" src=\"https:\/\/www.mimaservis.cz\/wp-content\/uploads\/2021\/04\/Provozovna-prelouc.jpg\" alt=\"\" class=\"wp-image-681 size-full\" srcset=\"https:\/\/www.mimaservis.cz\/wp-content\/uploads\/2021\/04\/Provozovna-prelouc.jpg 510w, https:\/\/www.mimaservis.cz\/wp-content\/uploads\/2021\/04\/Provozovna-prelouc-300x219.jpg 300w\" sizes=\"(max-width: 510px) 100vw, 510px\" \/><\/figure><div class=\"wp-block-media-text__content\">\n<p class=\"has-normal-font-size\"><strong>T\u016fmy P\u0159elou\u010dsk\u00e9ho \u010d.p.136 P\u0159elou\u010d  <\/strong><\/p>\n\n\n\n<p class=\"has-normal-font-size\"><strong><strong>Tel: 466 613 005, 602 186 015<\/strong>  info@mimaservis.cz   evidence@mimaservis.cz<\/strong><\/p>\n\n\n\n<p style=\"font-size:19px\"><\/p>\n<\/div><\/div>\n\n\n\n<p>Kontaktn\u00ed m\u00edsto po telefonick\u00e9 dohod\u011b. <\/p>\n<\/div><\/div>\n<\/div><\/div>\n\n\n\n<hr class=\"wp-block-separator\"\/>\n\n\n\n<p><\/p>\n\n\n\n<div class=\"cbxgooglemap_wrapper\"><div class=\"cbxgooglemap_embed\" data-render=\"0\" data-mapsource=\"0\" style=\"width: 100%; height: 350px;\" data-scrollwheel=\"1\"  data-showinfo=\"0\" data-infow_open=\"0\" data-heading=\"\" data-address=\"Hronovick\u00e1 1039 Pardubice\" data-website=\"\"  data-mapicon=\"\" data-maptype=\"hybrid\" data-lat=\"50.034045\" data-lng=\"15.775707\" data-zoom=\"16\" ><\/div><\/div>\n\n\n\n<h2><\/h2>\n\n\n\n<div class=\"wp-block-buttons\">\n<div class=\"wp-block-button\"><a class=\"wp-block-button__link\" href=\"https:\/\/g.page\/mima-servis?share\">Odkaz pro navigov\u00e1n\u00ed zde<\/a><\/div>\n<\/div>\n\n\n\n<figure class=\"wp-block-image size-large\"><img src=\"https:\/\/www.mimaservis.eu\/wp-content\/uploads\/2020\/10\/upravena-budova-1-1024x498.jpg\" alt=\"\" class=\"wp-image-309\"\/><\/figure>\n","protected":false},"excerpt":{"rendered":"","protected":false},"author":1,"featured_media":0,"parent":0,"menu_order":0,"comment_status":"closed","ping_status":"closed","template":"","meta":[],"yoast_head":"<!-- This site is optimized with the Yoast SEO plugin v15.5 - https:\/\/yoast.com\/wordpress\/plugins\/seo\/ -->\n<title>Mima servis<\/title>\n<meta name=\"description\" content=\"Zaji\u0161\u0165uje realitn\u00ed slu\u017eby prodej,koup\u011b,pron\u00e1jem, v\u00fdm\u011bny ,spr\u00e1vu nemovitost\u00ed\" \/>\n<meta name=\"robots\" content=\"index, follow, max-snippet:-1, max-image-preview:large, max-video-preview:-1\" \/>\n<link rel=\"canonical\" href=\"https:\/\/www.mimaservis.cz\/\" \/>\n<meta property=\"og:locale\" content=\"cs_CZ\" \/>\n<meta property=\"og:type\" content=\"article\" \/>\n<meta property=\"og:title\" content=\"Mima servis\" \/>\n<meta property=\"og:description\" content=\"Zaji\u0161\u0165uje realitn\u00ed slu\u017eby prodej,koup\u011b,pron\u00e1jem, v\u00fdm\u011bny ,spr\u00e1vu nemovitost\u00ed\" \/>\n<meta property=\"og:url\" content=\"https:\/\/www.mimaservis.cz\/\" \/>\n<meta property=\"og:site_name\" content=\"www.mimaservis.cz\" \/>\n<meta property=\"article:publisher\" content=\"https:\/\/www.facebook.com\/groups\/155085831221921\/about\" \/>\n<meta property=\"article:modified_time\" content=\"2024-09-23T13:32:44+00:00\" \/>\n<meta property=\"og:image\" content=\"https:\/\/www.mimaservis.cz\/wp-content\/uploads\/2021\/04\/IMG_0001-e1617611790880-1024x573.jpg\" \/>\n<meta name=\"twitter:card\" content=\"summary_large_image\" \/>\n<meta name=\"twitter:label1\" content=\"Odhadovan\u00e1 doba \u010dten\u00ed\">\n\t<meta name=\"twitter:data1\" content=\"1 minuta\">\n<script type=\"application\/ld+json\" class=\"yoast-schema-graph\">{\"@context\":\"https:\/\/schema.org\",\"@graph\":[{\"@type\":\"Organization\",\"@id\":\"https:\/\/www.mimaservis.cz\/#organization\",\"name\":\"MIMASERVIS s.r.o.\",\"url\":\"https:\/\/www.mimaservis.cz\/\",\"sameAs\":[\"https:\/\/www.facebook.com\/groups\/155085831221921\/about\"],\"logo\":{\"@type\":\"ImageObject\",\"@id\":\"https:\/\/www.mimaservis.cz\/#logo\",\"inLanguage\":\"cs\",\"url\":\"https:\/\/www.mimaservis.cz\/wp-content\/uploads\/2020\/03\/cropped-Vizitka-logo.jpg\",\"width\":348,\"height\":94,\"caption\":\"MIMASERVIS s.r.o.\"},\"image\":{\"@id\":\"https:\/\/www.mimaservis.cz\/#logo\"}},{\"@type\":\"WebSite\",\"@id\":\"https:\/\/www.mimaservis.cz\/#website\",\"url\":\"https:\/\/www.mimaservis.cz\/\",\"name\":\"www.mimaservis.cz\",\"description\":\"Spr\\u00e1va nemovitost\\u00ed Pardubice\",\"publisher\":{\"@id\":\"https:\/\/www.mimaservis.cz\/#organization\"},\"potentialAction\":[{\"@type\":\"SearchAction\",\"target\":\"https:\/\/www.mimaservis.cz\/?s={search_term_string}\",\"query-input\":\"required name=search_term_string\"}],\"inLanguage\":\"cs\"},{\"@type\":\"ImageObject\",\"@id\":\"https:\/\/www.mimaservis.cz\/#primaryimage\",\"inLanguage\":\"cs\",\"url\":\"https:\/\/www.mimaservis.cz\/wp-content\/uploads\/2021\/04\/IMG_0001-e1617611790880.jpg\",\"width\":1600,\"height\":896},{\"@type\":\"WebPage\",\"@id\":\"https:\/\/www.mimaservis.cz\/#webpage\",\"url\":\"https:\/\/www.mimaservis.cz\/\",\"name\":\"Mima servis\",\"isPartOf\":{\"@id\":\"https:\/\/www.mimaservis.cz\/#website\"},\"primaryImageOfPage\":{\"@id\":\"https:\/\/www.mimaservis.cz\/#primaryimage\"},\"datePublished\":\"2020-03-15T17:40:02+00:00\",\"dateModified\":\"2024-09-23T13:32:44+00:00\",\"description\":\"Zaji\\u0161\\u0165uje realitn\\u00ed slu\\u017eby prodej,koup\\u011b,pron\\u00e1jem, v\\u00fdm\\u011bny ,spr\\u00e1vu nemovitost\\u00ed\",\"inLanguage\":\"cs\",\"potentialAction\":[{\"@type\":\"ReadAction\",\"target\":[\"https:\/\/www.mimaservis.cz\/\"]}]}]}<\/script>\n<!-- \/ Yoast SEO plugin. -->","_links":{"self":[{"href":"https:\/\/www.mimaservis.cz\/index.php\/wp-json\/wp\/v2\/pages\/81"}],"collection":[{"href":"https:\/\/www.mimaservis.cz\/index.php\/wp-json\/wp\/v2\/pages"}],"about":[{"href":"https:\/\/www.mimaservis.cz\/index.php\/wp-json\/wp\/v2\/types\/page"}],"author":[{"embeddable":true,"href":"https:\/\/www.mimaservis.cz\/index.php\/wp-json\/wp\/v2\/users\/1"}],"replies":[{"embeddable":true,"href":"https:\/\/www.mimaservis.cz\/index.php\/wp-json\/wp\/v2\/comments?post=81"}],"version-history":[{"count":51,"href":"https:\/\/www.mimaservis.cz\/index.php\/wp-json\/wp\/v2\/pages\/81\/revisions"}],"predecessor-version":[{"id":826,"href":"https:\/\/www.mimaservis.cz\/index.php\/wp-json\/wp\/v2\/pages\/81\/revisions\/826"}],"wp:attachment":[{"href":"https:\/\/www.mimaservis.cz\/index.php\/wp-json\/wp\/v2\/media?parent=81"}],"curies":[{"name":"wp","href":"https:\/\/api.w.org\/{rel}","templated":true}]}}