{"id":84,"date":"2020-03-15T17:47:54","date_gmt":"2020-03-15T17:47:54","guid":{"rendered":"http:\/\/www.mimaservis.eu\/?page_id=84"},"modified":"2024-04-16T07:04:06","modified_gmt":"2024-04-16T07:04:06","slug":"reality","status":"publish","type":"page","link":"https:\/\/www.mimaservis.cz\/index.php\/reality\/","title":{"rendered":"Reality"},"content":{"rendered":"\n<figure class=\"wp-block-image size-large is-resized\"><img loading=\"lazy\" src=\"https:\/\/www.mimaservis.cz\/wp-content\/uploads\/2021\/01\/Reality-foto-upravene-2-1024x426.jpg\" alt=\"\" class=\"wp-image-479\" width=\"760\" height=\"300\"\/><\/figure>\n\n\n\n<p><\/p>\n\n\n\n<div class=\"wp-block-columns\">\n<div class=\"wp-block-column\" style=\"flex-basis:100%\">\n<div class=\"wp-block-media-text alignwide is-stacked-on-mobile\"><figure class=\"wp-block-media-text__media\"><img loading=\"lazy\" width=\"621\" height=\"359\" src=\"https:\/\/www.mimaservis.cz\/wp-content\/uploads\/2021\/01\/Havlickova-garaze.jpg\" alt=\"\" class=\"wp-image-451 size-full\" srcset=\"https:\/\/www.mimaservis.cz\/wp-content\/uploads\/2021\/01\/Havlickova-garaze.jpg 621w, https:\/\/www.mimaservis.cz\/wp-content\/uploads\/2021\/01\/Havlickova-garaze-300x173.jpg 300w\" sizes=\"(max-width: 621px) 100vw, 621px\" \/><\/figure><div class=\"wp-block-media-text__content\">\n<p class=\"has-normal-font-size\"><a href=\"https:\/\/www.mimaservis.cz\/index.php\/garaze-a-stani-havlickova-1018\/\"><strong>Gar\u00e1\u017ee a st\u00e1n\u00ed Havl\u00ed\u010dkova ulice Pardubice.<\/strong><\/a> Pr\u016fb\u011b\u017en\u011b aktualizujeme stav voln\u00fdch gar\u00e1\u017e\u00ed p\u0159\u00edpadn\u011b volejte. <\/p>\n<\/div><\/div>\n<\/div>\n<\/div>\n\n\n\n<hr class=\"wp-block-separator\"\/>\n\n\n\n<div class=\"wp-block-group alignwide\"><div class=\"wp-block-group__inner-container\">\n<div class=\"wp-block-media-text alignwide is-stacked-on-mobile\"><figure class=\"wp-block-media-text__media\"><img loading=\"lazy\" width=\"1024\" height=\"498\" src=\"https:\/\/www.mimaservis.cz\/wp-content\/uploads\/2020\/10\/20190924_111548-scaled-1-1024x498.jpg\" alt=\"\" class=\"wp-image-334 size-full\" srcset=\"https:\/\/www.mimaservis.cz\/wp-content\/uploads\/2020\/10\/20190924_111548-scaled-1-1024x498.jpg 1024w, https:\/\/www.mimaservis.cz\/wp-content\/uploads\/2020\/10\/20190924_111548-scaled-1-300x146.jpg 300w, https:\/\/www.mimaservis.cz\/wp-content\/uploads\/2020\/10\/20190924_111548-scaled-1-768x373.jpg 768w, https:\/\/www.mimaservis.cz\/wp-content\/uploads\/2020\/10\/20190924_111548-scaled-1-1536x746.jpg 1536w, https:\/\/www.mimaservis.cz\/wp-content\/uploads\/2020\/10\/20190924_111548-scaled-1-2048x995.jpg 2048w, https:\/\/www.mimaservis.cz\/wp-content\/uploads\/2020\/10\/20190924_111548-scaled-1-1200x583.jpg 1200w, https:\/\/www.mimaservis.cz\/wp-content\/uploads\/2020\/10\/20190924_111548-scaled-1-1980x962.jpg 1980w\" sizes=\"(max-width: 1024px) 100vw, 1024px\" \/><\/figure><div class=\"wp-block-media-text__content\">\n<p class=\"has-text-align-left has-text-color has-normal-font-size\" style=\"color:#ff0000\">Pronajato!  <a data-type=\"URL\" data-id=\"https:\/\/www.mimaservis.cz\/index.php\/nebytovy-prostor-havlickova-1018-pardubice\/\" href=\"https:\/\/www.mimaservis.cz\/index.php\/nebytovy-prostor-havlickova-1018-pardubice\/\" target=\"_blank\" rel=\"noreferrer noopener\"><strong>Nebytov\u00fd prostor 120m<sup>2<\/sup> Havl\u00ed\u010dkova ulice Pardubice<\/strong> <\/a><\/p>\n<\/div><\/div>\n<\/div><\/div>\n\n\n\n<hr class=\"wp-block-separator\"\/>\n\n\n\n<div class=\"wp-block-group alignwide\"><div class=\"wp-block-group__inner-container\">\n<div class=\"wp-block-media-text alignwide is-stacked-on-mobile\"><figure class=\"wp-block-media-text__media\"><img loading=\"lazy\" width=\"613\" height=\"509\" src=\"https:\/\/www.mimaservis.cz\/wp-content\/uploads\/2021\/04\/Jana-Palacha-459.jpg\" alt=\"\" class=\"wp-image-674 size-full\" srcset=\"https:\/\/www.mimaservis.cz\/wp-content\/uploads\/2021\/04\/Jana-Palacha-459.jpg 613w, https:\/\/www.mimaservis.cz\/wp-content\/uploads\/2021\/04\/Jana-Palacha-459-300x249.jpg 300w\" sizes=\"(max-width: 613px) 100vw, 613px\" \/><\/figure><div class=\"wp-block-media-text__content\">\n<p class=\"has-text-align-left has-normal-font-size\"><strong><a href=\"https:\/\/www.mimaservis.cz\/index.php\/nebyt-jana-palacha-459\/\" target=\"_blank\" rel=\"noreferrer noopener\">Nebytov\u00fd prostor 72m<sup>2<\/sup> Jana Palacha Pardubice<\/a><\/strong><\/p>\n<\/div><\/div>\n<\/div><\/div>\n\n\n\n<p><\/p>\n\n\n\n<div class=\"wp-block-media-text alignwide is-stacked-on-mobile\" style=\"grid-template-columns:60% auto\"><figure class=\"wp-block-media-text__media\"><img loading=\"lazy\" width=\"1024\" height=\"461\" src=\"https:\/\/www.mimaservis.cz\/wp-content\/uploads\/2022\/11\/8-1024x461.jpg\" alt=\"\" class=\"wp-image-736 size-full\" srcset=\"https:\/\/www.mimaservis.cz\/wp-content\/uploads\/2022\/11\/8-1024x461.jpg 1024w, https:\/\/www.mimaservis.cz\/wp-content\/uploads\/2022\/11\/8-300x135.jpg 300w, https:\/\/www.mimaservis.cz\/wp-content\/uploads\/2022\/11\/8-768x346.jpg 768w, https:\/\/www.mimaservis.cz\/wp-content\/uploads\/2022\/11\/8-1536x692.jpg 1536w, https:\/\/www.mimaservis.cz\/wp-content\/uploads\/2022\/11\/8-2048x922.jpg 2048w\" sizes=\"(max-width: 1024px) 100vw, 1024px\" \/><\/figure><div class=\"wp-block-media-text__content\">\n<p class=\"has-normal-font-size\"><a href=\"https:\/\/www.mimaservis.cz\/index.php\/byt-21-51m2-benesovo-namesti-pardubice\/\"><strong>Prodej bytu 2+1 51m2 Bene\u0161ovo n\u00e1m\u011bst\u00ed Pardubice<\/strong><\/a> <\/p>\n\n\n\n<p style=\"font-size:18px\"><strong>Prod\u00e1no !   <\/strong><\/p>\n<\/div><\/div>\n\n\n\n<p><\/p>\n\n\n\n<div class=\"wp-block-media-text alignwide is-stacked-on-mobile\"><figure class=\"wp-block-media-text__media\"><img loading=\"lazy\" width=\"2560\" height=\"1707\" src=\"https:\/\/www.mimaservis.cz\/wp-content\/uploads\/2022\/10\/IMG_6918-scaled.jpg\" alt=\"\" class=\"wp-image-721 size-full\" srcset=\"https:\/\/www.mimaservis.cz\/wp-content\/uploads\/2022\/10\/IMG_6918-scaled.jpg 2560w, https:\/\/www.mimaservis.cz\/wp-content\/uploads\/2022\/10\/IMG_6918-300x200.jpg 300w, https:\/\/www.mimaservis.cz\/wp-content\/uploads\/2022\/10\/IMG_6918-1024x683.jpg 1024w, https:\/\/www.mimaservis.cz\/wp-content\/uploads\/2022\/10\/IMG_6918-768x512.jpg 768w, https:\/\/www.mimaservis.cz\/wp-content\/uploads\/2022\/10\/IMG_6918-1536x1024.jpg 1536w, https:\/\/www.mimaservis.cz\/wp-content\/uploads\/2022\/10\/IMG_6918-2048x1365.jpg 2048w\" sizes=\"(max-width: 2560px) 100vw, 2560px\" \/><\/figure><div class=\"wp-block-media-text__content\">\n<p class=\"has-text-align-left has-normal-font-size\"><strong><a href=\"https:\/\/www.mimaservis.cz\/index.php\/byt-21-51m2-benesovo-namesti-pardubice\/\" target=\"_blank\" rel=\"noreferrer noopener\">Byt 2+1 51m2 Bene\u0161ovo n\u00e1m\u011bst\u00ed Pardubice<\/a><\/strong> <\/p>\n\n\n\n<p><strong>Prod\u00e1no !  <\/strong><\/p>\n<\/div><\/div>\n","protected":false},"excerpt":{"rendered":"<p>Prodej bytu 2+1 51m2 Bene\u0161ovo n\u00e1m\u011bst\u00ed Pardubice Prod\u00e1no ! Byt 2+1 51m2 Bene\u0161ovo n\u00e1m\u011bst\u00ed Pardubice Prod\u00e1no !<\/p>\n","protected":false},"author":1,"featured_media":0,"parent":0,"menu_order":0,"comment_status":"closed","ping_status":"closed","template":"","meta":[],"yoast_head":"<!-- This site is optimized with the Yoast SEO plugin v15.5 - https:\/\/yoast.com\/wordpress\/plugins\/seo\/ -->\n<title>Reality<\/title>\n<meta name=\"description\" content=\"spr\u00e1vce, spr\u00e1va nemovitost\u00ed , p\u00e9\u010de o nemovitost, real estate, property management , spr\u00e1va byt\u016f\" \/>\n<meta name=\"robots\" content=\"index, follow, max-snippet:-1, max-image-preview:large, max-video-preview:-1\" \/>\n<link rel=\"canonical\" href=\"https:\/\/www.mimaservis.cz\/index.php\/reality\/\" \/>\n<meta property=\"og:locale\" content=\"cs_CZ\" \/>\n<meta property=\"og:type\" content=\"article\" \/>\n<meta property=\"og:title\" content=\"Reality\" \/>\n<meta property=\"og:description\" content=\"spr\u00e1vce, spr\u00e1va nemovitost\u00ed , p\u00e9\u010de o nemovitost, real estate, property management , spr\u00e1va byt\u016f\" \/>\n<meta property=\"og:url\" content=\"https:\/\/www.mimaservis.cz\/index.php\/reality\/\" \/>\n<meta property=\"og:site_name\" content=\"www.mimaservis.cz\" \/>\n<meta property=\"article:publisher\" content=\"https:\/\/www.facebook.com\/groups\/155085831221921\/about\" \/>\n<meta property=\"article:modified_time\" content=\"2024-04-16T07:04:06+00:00\" \/>\n<meta property=\"og:image\" content=\"https:\/\/www.mimaservis.cz\/wp-content\/uploads\/2021\/01\/Reality-foto-upravene-2-1024x426.jpg\" \/>\n<meta name=\"twitter:card\" content=\"summary_large_image\" \/>\n<meta name=\"twitter:label1\" content=\"Odhadovan\u00e1 doba \u010dten\u00ed\">\n\t<meta name=\"twitter:data1\" content=\"0 minut\">\n<script type=\"application\/ld+json\" class=\"yoast-schema-graph\">{\"@context\":\"https:\/\/schema.org\",\"@graph\":[{\"@type\":\"Organization\",\"@id\":\"https:\/\/www.mimaservis.cz\/#organization\",\"name\":\"MIMASERVIS s.r.o.\",\"url\":\"https:\/\/www.mimaservis.cz\/\",\"sameAs\":[\"https:\/\/www.facebook.com\/groups\/155085831221921\/about\"],\"logo\":{\"@type\":\"ImageObject\",\"@id\":\"https:\/\/www.mimaservis.cz\/#logo\",\"inLanguage\":\"cs\",\"url\":\"https:\/\/www.mimaservis.cz\/wp-content\/uploads\/2020\/03\/cropped-Vizitka-logo.jpg\",\"width\":348,\"height\":94,\"caption\":\"MIMASERVIS s.r.o.\"},\"image\":{\"@id\":\"https:\/\/www.mimaservis.cz\/#logo\"}},{\"@type\":\"WebSite\",\"@id\":\"https:\/\/www.mimaservis.cz\/#website\",\"url\":\"https:\/\/www.mimaservis.cz\/\",\"name\":\"www.mimaservis.cz\",\"description\":\"Spr\\u00e1va nemovitost\\u00ed Pardubice\",\"publisher\":{\"@id\":\"https:\/\/www.mimaservis.cz\/#organization\"},\"potentialAction\":[{\"@type\":\"SearchAction\",\"target\":\"https:\/\/www.mimaservis.cz\/?s={search_term_string}\",\"query-input\":\"required name=search_term_string\"}],\"inLanguage\":\"cs\"},{\"@type\":\"ImageObject\",\"@id\":\"https:\/\/www.mimaservis.cz\/index.php\/reality\/#primaryimage\",\"inLanguage\":\"cs\",\"url\":\"https:\/\/www.mimaservis.cz\/wp-content\/uploads\/2021\/01\/Reality-foto-upravene-2-1024x426.jpg\"},{\"@type\":\"WebPage\",\"@id\":\"https:\/\/www.mimaservis.cz\/index.php\/reality\/#webpage\",\"url\":\"https:\/\/www.mimaservis.cz\/index.php\/reality\/\",\"name\":\"Reality\",\"isPartOf\":{\"@id\":\"https:\/\/www.mimaservis.cz\/#website\"},\"primaryImageOfPage\":{\"@id\":\"https:\/\/www.mimaservis.cz\/index.php\/reality\/#primaryimage\"},\"datePublished\":\"2020-03-15T17:47:54+00:00\",\"dateModified\":\"2024-04-16T07:04:06+00:00\",\"description\":\"spr\\u00e1vce, spr\\u00e1va nemovitost\\u00ed , p\\u00e9\\u010de o nemovitost, real estate, property management , spr\\u00e1va byt\\u016f\",\"inLanguage\":\"cs\",\"potentialAction\":[{\"@type\":\"ReadAction\",\"target\":[\"https:\/\/www.mimaservis.cz\/index.php\/reality\/\"]}]}]}<\/script>\n<!-- \/ Yoast SEO plugin. -->","_links":{"self":[{"href":"https:\/\/www.mimaservis.cz\/index.php\/wp-json\/wp\/v2\/pages\/84"}],"collection":[{"href":"https:\/\/www.mimaservis.cz\/index.php\/wp-json\/wp\/v2\/pages"}],"about":[{"href":"https:\/\/www.mimaservis.cz\/index.php\/wp-json\/wp\/v2\/types\/page"}],"author":[{"embeddable":true,"href":"https:\/\/www.mimaservis.cz\/index.php\/wp-json\/wp\/v2\/users\/1"}],"replies":[{"embeddable":true,"href":"https:\/\/www.mimaservis.cz\/index.php\/wp-json\/wp\/v2\/comments?post=84"}],"version-history":[{"count":41,"href":"https:\/\/www.mimaservis.cz\/index.php\/wp-json\/wp\/v2\/pages\/84\/revisions"}],"predecessor-version":[{"id":800,"href":"https:\/\/www.mimaservis.cz\/index.php\/wp-json\/wp\/v2\/pages\/84\/revisions\/800"}],"wp:attachment":[{"href":"https:\/\/www.mimaservis.cz\/index.php\/wp-json\/wp\/v2\/media?parent=84"}],"curies":[{"name":"wp","href":"https:\/\/api.w.org\/{rel}","templated":true}]}}